{"id":3051,"date":"2024-12-24T05:37:47","date_gmt":"2024-12-24T05:37:47","guid":{"rendered":"https:\/\/frenchtestsimulator.com\/beta\/terms-of-use-copy\/"},"modified":"2024-12-25T02:50:14","modified_gmt":"2024-12-25T02:50:14","slug":"conditions-utilisation","status":"publish","type":"page","link":"https:\/\/frenchtestsimulator.com\/beta\/fr\/conditions-utilisation\/","title":{"rendered":"Conditions d\u2019Utilisation"},"content":{"rendered":"\n<h2 class=\" wp-block-heading eplus-wrapper\">CONSENTEMENT<\/h2>\n\n\n\n<p class=\" eplus-wrapper\">En utilisant les plateformes et services du <strong>Simulateur d&#8217;Entra\u00eenement aux Tests Officiels d&#8217;Expression Orale<\/strong> (ci-apr\u00e8s d\u00e9nomm\u00e9 &#8220;le Simulateur&#8221;), vous reconnaissez avoir lu ces Conditions d&#8217;utilisation et acceptez de vous y conformer. Le Simulateur se r\u00e9serve le droit de modifier ses Conditions d&#8217;utilisation \u00e0 tout moment sans pr\u00e9avis. Les utilisateurs des plateformes et services du Simulateur s&#8217;engagent \u00e0 respecter la version la plus r\u00e9cente de ces conditions.<\/p>\n\n\n\n<hr class=\" wp-block-separator has-alpha-channel-opacity eplus-wrapper\"\/>\n\n\n\n<h2 class=\" wp-block-heading eplus-wrapper\">SERVICES OFFERTS PAR LE SIMULATEUR<\/h2>\n\n\n\n<p class=\" eplus-wrapper\">Le Simulateur est con\u00e7u pour fournir des outils de pr\u00e9paration aux tests officiels d&#8217;expression orale, notamment <strong>TCF Canada<\/strong> et <strong>TCF Qu\u00e9bec<\/strong>, <strong>TEF Canada<\/strong> et <strong>TEF Qu\u00e9bec<\/strong> (<strong>TEFAQ<\/strong>) et <strong>ELS-ELO<\/strong>. Il est important de noter que le Simulateur ne remplace pas les tests officiels, et les r\u00e9sultats obtenus lors des simulations ne sont pas des r\u00e9sultats officiels.<\/p>\n\n\n\n<p class=\" eplus-wrapper\">La plateforme <strong>FrenchTestSimulator<\/strong> propose des simulations interactives, des \u00e9valuations bas\u00e9es sur les normes du CECRL et les Niveaux de comp\u00e9tence linguistique canadiens (NCLC), des rapports d\u00e9taill\u00e9s et des recommandations personnalis\u00e9es. La plateforme est con\u00e7ue pour permettre aux utilisateurs de s&#8217;entra\u00eener efficacement, de s&#8217;auto-\u00e9valuer et de renforcer leurs comp\u00e9tences en expression orale dans un environnement \u00e9ducatif s\u00e9curis\u00e9 pour mieux se pr\u00e9parer aux exigences des examens officiels.<\/p>\n\n\n\n<hr class=\" wp-block-separator has-alpha-channel-opacity eplus-wrapper\"\/>\n\n\n\n<h2 class=\" wp-block-heading eplus-wrapper\">DROITS DES UTILISATEURS<\/h2>\n\n\n\n<p class=\" eplus-wrapper\">Les utilisateurs se voient accorder l&#8217;acc\u00e8s \u00e0 la plateforme et aux produits du Simulateur conform\u00e9ment \u00e0 ces Conditions d&#8217;utilisation. Le non-respect de ces conditions peut entra\u00eener des sanctions, y compris la suspension du compte ou l&#8217;exclusion de la plateforme. L&#8217;utilisation ill\u00e9gale ou abusive des services peut \u00e9galement donner lieu \u00e0 des poursuites civiles ou p\u00e9nales.<\/p>\n\n\n\n<hr class=\" wp-block-separator has-alpha-channel-opacity eplus-wrapper\"\/>\n\n\n\n<h2 class=\" wp-block-heading eplus-wrapper\">PROPRI\u00c9T\u00c9 INTELLECTUELLE<\/h2>\n\n\n\n<p class=\" eplus-wrapper\">Sauf indication contraire, le Simulateur d\u00e9tient tous les droits de propri\u00e9t\u00e9 intellectuelle et les droits d&#8217;auteur li\u00e9s \u00e0 sa plateforme, y compris les textes, vid\u00e9os, images, codes sources, applications et contenus associ\u00e9s. Les utilisateurs ne peuvent utiliser ces \u00e9l\u00e9ments qu&#8217;\u00e0 des fins personnelles et non commerciales. La reproduction, la modification ou la redistribution sans autorisation \u00e9crite pr\u00e9alable du Simulateur est strictement interdite et passible de poursuites judiciaires.<\/p>\n\n\n\n<p class=\" eplus-wrapper\">Les utilisateurs accordent au Simulateur le droit de collecter, stocker et utiliser toutes les donn\u00e9es non personnelles qu&#8217;ils publient ou soumettent sur la plateforme, conform\u00e9ment \u00e0 la Politique de confidentialit\u00e9.<\/p>\n\n\n\n<hr class=\" wp-block-separator has-alpha-channel-opacity eplus-wrapper\"\/>\n\n\n\n<h2 class=\" wp-block-heading eplus-wrapper\">ACC\u00c8S \u00c0 LA PLATEFORME ET AUX SERVICES<\/h2>\n\n\n\n<p class=\" eplus-wrapper\">Le Simulateur s&#8217;efforce de fournir des services fiables et accessibles \u00e0 ses utilisateurs. Toutefois, il se r\u00e9serve le droit d&#8217;interrompre temporairement ou d\u00e9finitivement l&#8217;acc\u00e8s \u00e0 la plateforme ou de modifier ses fonctionnalit\u00e9s sans pr\u00e9avis. Le Simulateur n&#8217;assume aucune responsabilit\u00e9 pour tout dommage r\u00e9sultant de ces interruptions ou modifications.<\/p>\n\n\n\n<hr class=\" wp-block-separator has-alpha-channel-opacity eplus-wrapper\"\/>\n\n\n\n<h2 class=\" wp-block-heading eplus-wrapper\">UTILISATION DE LA PLATEFORME ET DES SERVICES<\/h2>\n\n\n\n<p class=\" eplus-wrapper\">Les utilisateurs s&#8217;engagent \u00e0 :<\/p>\n\n\n<ul class=\" wp-block-list eplus-wrapper eplus-styles-uid-e5363c\">\n<li class=\" eplus-wrapper\">Respecter en tout temps ces Conditions d&#8217;utilisation. <\/li>\n\n\n\n<li class=\" eplus-wrapper\">Utiliser la plateforme et ses services uniquement aux fins pr\u00e9vues. <\/li>\n\n\n\n<li class=\" eplus-wrapper\">\u00c9viter les actions susceptibles de perturber le bon fonctionnement ou la s\u00e9curit\u00e9 des services.<\/li>\n<\/ul>\n\n\n<hr class=\" wp-block-separator has-alpha-channel-opacity eplus-wrapper\"\/>\n\n\n\n<h2 class=\" wp-block-heading eplus-wrapper\">COMPORTEMENTS INTERDITS<\/h2>\n\n\n\n<p class=\" eplus-wrapper\">Les actions suivantes sont strictement interdites :<\/p>\n\n\n<ul class=\" wp-block-list eplus-wrapper eplus-styles-uid-a15f68\">\n<li class=\" eplus-wrapper\">L&#8217;acc\u00e8s non autoris\u00e9 ou la tentative d&#8217;acc\u00e8s \u00e0 la plateforme, aux services ou aux produits.<\/li>\n\n\n\n<li class=\" eplus-wrapper\">La publication ou la transmission de contenus ill\u00e9gaux, nuisibles, mena\u00e7ants, abusifs, obsc\u00e8nes ou diffamatoires.<\/li>\n\n\n\n<li class=\" eplus-wrapper\">La collecte d&#8217;informations personnelles d&#8217;autres utilisateurs sans leur consentement explicite.<\/li>\n\n\n\n<li>L&#8217;utilisation d&#8217;outils automatis\u00e9s (par exemple, l&#8217;extraction de donn\u00e9es) pour extraire des informations de la plateforme.<\/li>\n<\/ul>\n\n\n<p class=\" eplus-wrapper\">Les comportements interdits peuvent entra\u00eener des sanctions telles que la suspension, l&#8217;exclusion ou des poursuites judiciaires.<\/p>\n\n\n\n<hr class=\" wp-block-separator has-alpha-channel-opacity eplus-wrapper\"\/>\n\n\n\n<h2 class=\" wp-block-heading eplus-wrapper\">LIMITATION DE RESPONSABILIT\u00c9<\/h2>\n\n\n\n<p class=\" eplus-wrapper\">Le Simulateur met tout en \u0153uvre pour garantir l&#8217;exactitude et la qualit\u00e9 du contenu qu&#8217;il fournit. Toutefois, il ne peut garantir l&#8217;absence totale d&#8217;erreurs ou d&#8217;inexactitudes. Le Simulateur n&#8217;est pas responsable des dommages li\u00e9s \u00e0 l&#8217;utilisation de ses services, y compris les dommages mat\u00e9riels ou la perte de donn\u00e9es.<\/p>\n\n\n\n<hr class=\" wp-block-separator has-alpha-channel-opacity eplus-wrapper\"\/>\n\n\n\n<h2 class=\" wp-block-heading eplus-wrapper\">S\u00c9CURIT\u00c9<\/h2>\n\n\n\n<p class=\" eplus-wrapper\">Les utilisateurs sont responsables de la confidentialit\u00e9 de leurs informations de connexion. Bien que le Simulateur emploie des mesures de s\u00e9curit\u00e9 de haut niveau, il ne peut garantir une s\u00e9curit\u00e9 absolue. Les utilisateurs sont \u00e9galement responsables de s&#8217;assurer que leurs appareils sont prot\u00e9g\u00e9s contre les cybermenaces.e absolute security. Users are also responsible for ensuring that their devices are protected against cyber threats.<\/p>\n\n\n\n<hr class=\" wp-block-separator has-alpha-channel-opacity eplus-wrapper\"\/>\n\n\n\n<h2 class=\" wp-block-heading eplus-wrapper\">INSCRIPTION<\/h2>\n\n\n\n<p class=\" eplus-wrapper\">Pour acc\u00e9der aux services, les utilisateurs doivent cr\u00e9er un compte et fournir des informations telles qu&#8217;une adresse email valide et un mot de passe. Ces informations sont collect\u00e9es conform\u00e9ment \u00e0 la Politique de confidentialit\u00e9 et sont utilis\u00e9es pour personnaliser l&#8217;exp\u00e9rience utilisateur.<\/p>\n\n\n\n<hr class=\" wp-block-separator has-alpha-channel-opacity eplus-wrapper\"\/>\n\n\n\n<h2 class=\" wp-block-heading eplus-wrapper\">R\u00c9SILIATION<\/h2>\n\n\n\n<p class=\" eplus-wrapper\">Les utilisateurs peuvent demander la cl\u00f4ture de leur compte \u00e0 tout moment en contactant l&#8217;\u00e9quipe de support technique du Simulateur. La cl\u00f4ture du compte peut limiter l&#8217;acc\u00e8s \u00e0 certains services.<\/p>\n\n\n\n<p class=\" eplus-wrapper\">Pour toute question ou assistance concernant ces Conditions d&#8217;utilisation, veuillez nous contacter \u00e0  <strong>support[at]oraltestsimulator.com<\/strong>.<\/p>\n","protected":false},"excerpt":{"rendered":"<p>CONSENTEMENT En utilisant les plateformes et services du Simulateur d&#8217;Entra\u00eenement aux Tests Officiels d&#8217;Expression Orale (ci-apr\u00e8s d\u00e9nomm\u00e9 &#8220;le Simulateur&#8221;), vous [&hellip;]<\/p>\n","protected":false},"author":46,"featured_media":0,"parent":0,"menu_order":0,"comment_status":"closed","ping_status":"closed","template":"","meta":{"_acf_changed":false,"_yoast_wpseo_focuskw":"","_yoast_wpseo_metadesc":"","_uag_custom_page_level_css":"","editor_plus_copied_stylings":"{}","_yoast_wpseo_focuskw_synonyms":"","site-sidebar-layout":"default","site-content-layout":"","ast-site-content-layout":"","site-content-style":"default","site-sidebar-style":"default","ast-global-header-display":"","ast-banner-title-visibility":"","ast-main-header-display":"","ast-hfb-above-header-display":"","ast-hfb-below-header-display":"","ast-hfb-mobile-header-display":"","site-post-title":"","ast-breadcrumbs-content":"","ast-featured-img":"","footer-sml-layout":"","ast-disable-related-posts":"","theme-transparent-header-meta":"","adv-header-id-meta":"","stick-header-meta":"","header-above-stick-meta":"","header-main-stick-meta":"","header-below-stick-meta":"","astra-migrate-meta-layouts":"default","ast-page-background-enabled":"default","ast-page-background-meta":{"desktop":{"background-color":"var(--ast-global-color-4)","background-image":"","background-repeat":"repeat","background-position":"center center","background-size":"auto","background-attachment":"scroll","background-type":"","background-media":"","overlay-type":"","overlay-color":"","overlay-opacity":"","overlay-gradient":""},"tablet":{"background-color":"","background-image":"","background-repeat":"repeat","background-position":"center center","background-size":"auto","background-attachment":"scroll","background-type":"","background-media":"","overlay-type":"","overlay-color":"","overlay-opacity":"","overlay-gradient":""},"mobile":{"background-color":"","background-image":"","background-repeat":"repeat","background-position":"center center","background-size":"auto","background-attachment":"scroll","background-type":"","background-media":"","overlay-type":"","overlay-color":"","overlay-opacity":"","overlay-gradient":""}},"ast-content-background-meta":{"desktop":{"background-color":"var(--ast-global-color-5)","background-image":"","background-repeat":"repeat","background-position":"center center","background-size":"auto","background-attachment":"scroll","background-type":"","background-media":"","overlay-type":"","overlay-color":"","overlay-opacity":"","overlay-gradient":""},"tablet":{"background-color":"var(--ast-global-color-5)","background-image":"","background-repeat":"repeat","background-position":"center center","background-size":"auto","background-attachment":"scroll","background-type":"","background-media":"","overlay-type":"","overlay-color":"","overlay-opacity":"","overlay-gradient":""},"mobile":{"background-color":"var(--ast-global-color-5)","background-image":"","background-repeat":"repeat","background-position":"center center","background-size":"auto","background-attachment":"scroll","background-type":"","background-media":"","overlay-type":"","overlay-color":"","overlay-opacity":"","overlay-gradient":""}},"footnotes":""},"class_list":["post-3051","page","type-page","status-publish","hentry"],"acf":[],"yoast_head":"<!-- This site is optimized with the Yoast SEO Premium plugin v24.0 (Yoast SEO v26.1.1) - https:\/\/yoast.com\/wordpress\/plugins\/seo\/ -->\n<title>Conditions d\u2019Utilisation - FTS BETA<\/title>\n<meta name=\"robots\" content=\"noindex, follow, max-snippet:-1, max-image-preview:large, max-video-preview:-1\" \/>\n<meta property=\"og:locale\" content=\"fr_FR\" \/>\n<meta property=\"og:type\" content=\"article\" \/>\n<meta property=\"og:title\" content=\"Conditions d\u2019Utilisation\" \/>\n<meta property=\"og:description\" content=\"The French Test Simulator platform provides realistic simulations to help you effectively prepare for the ELS-ELO, TCF, and TEF oral exams. It offers detailed feedback, personalized coaching, and flexible preparation to help you achieve your best results.\" \/>\n<meta property=\"og:url\" content=\"https:\/\/frenchtestsimulator.com\/beta\/fr\/conditions-utilisation\/\" \/>\n<meta property=\"og:site_name\" content=\"FTS BETA\" \/>\n<meta property=\"article:publisher\" content=\"https:\/\/www.facebook.com\/frenchtestsimulator\" \/>\n<meta property=\"article:modified_time\" content=\"2024-12-25T02:50:14+00:00\" \/>\n<meta property=\"og:image\" content=\"https:\/\/frenchtestsimulator.com\/beta\/wp-content\/uploads\/2024\/10\/Drapeau-canadien_custom_670df36ab4b1b.png\" \/>\n\t<meta property=\"og:image:width\" content=\"1031\" \/>\n\t<meta property=\"og:image:height\" content=\"768\" \/>\n\t<meta property=\"og:image:type\" content=\"image\/png\" \/>\n<meta name=\"twitter:card\" content=\"summary_large_image\" \/>\n<meta name=\"twitter:label1\" content=\"Dur\u00e9e de lecture estim\u00e9e\" \/>\n\t<meta name=\"twitter:data1\" content=\"4 minutes\" \/>\n<script type=\"application\/ld+json\" class=\"yoast-schema-graph\">{\"@context\":\"https:\/\/schema.org\",\"@graph\":[{\"@type\":\"WebPage\",\"@id\":\"https:\/\/frenchtestsimulator.com\/beta\/fr\/conditions-utilisation\/\",\"url\":\"https:\/\/frenchtestsimulator.com\/beta\/fr\/conditions-utilisation\/\",\"name\":\"Conditions d\u2019Utilisation - FTS BETA\",\"isPartOf\":{\"@id\":\"https:\/\/frenchtestsimulator.com\/beta\/#website\"},\"datePublished\":\"2024-12-24T05:37:47+00:00\",\"dateModified\":\"2024-12-25T02:50:14+00:00\",\"breadcrumb\":{\"@id\":\"https:\/\/frenchtestsimulator.com\/beta\/fr\/conditions-utilisation\/#breadcrumb\"},\"inLanguage\":\"fr-FR\",\"potentialAction\":[{\"@type\":\"ReadAction\",\"target\":[\"https:\/\/frenchtestsimulator.com\/beta\/fr\/conditions-utilisation\/\"]}]},{\"@type\":\"BreadcrumbList\",\"@id\":\"https:\/\/frenchtestsimulator.com\/beta\/fr\/conditions-utilisation\/#breadcrumb\",\"itemListElement\":[{\"@type\":\"ListItem\",\"position\":1,\"name\":\"Home\",\"item\":\"https:\/\/frenchtestsimulator.com\/beta\/\"},{\"@type\":\"ListItem\",\"position\":2,\"name\":\"Conditions d\u2019Utilisation\"}]},{\"@type\":\"WebSite\",\"@id\":\"https:\/\/frenchtestsimulator.com\/beta\/#website\",\"url\":\"https:\/\/frenchtestsimulator.com\/beta\/\",\"name\":\"French Test Simulator\",\"description\":\"AI &amp; Best teachers to simulate TCF , TEF , ELS-ELO\",\"publisher\":{\"@id\":\"https:\/\/frenchtestsimulator.com\/beta\/#organization\"},\"alternateName\":\"French language Tests Simulator\",\"potentialAction\":[{\"@type\":\"SearchAction\",\"target\":{\"@type\":\"EntryPoint\",\"urlTemplate\":\"https:\/\/frenchtestsimulator.com\/beta\/?s={search_term_string}\"},\"query-input\":{\"@type\":\"PropertyValueSpecification\",\"valueRequired\":true,\"valueName\":\"search_term_string\"}}],\"inLanguage\":\"fr-FR\"},{\"@type\":\"Organization\",\"@id\":\"https:\/\/frenchtestsimulator.com\/beta\/#organization\",\"name\":\"French Test Simulator\",\"alternateName\":\"FTS\",\"url\":\"https:\/\/frenchtestsimulator.com\/beta\/\",\"logo\":{\"@type\":\"ImageObject\",\"inLanguage\":\"fr-FR\",\"@id\":\"https:\/\/frenchtestsimulator.com\/beta\/#\/schema\/logo\/image\/\",\"url\":\"https:\/\/frenchtestsimulator.com\/beta\/wp-content\/uploads\/2024\/11\/Selected-Logo-2_custom_67414a646def7.png\",\"contentUrl\":\"https:\/\/frenchtestsimulator.com\/beta\/wp-content\/uploads\/2024\/11\/Selected-Logo-2_custom_67414a646def7.png\",\"width\":250,\"height\":250,\"caption\":\"French Test Simulator\"},\"image\":{\"@id\":\"https:\/\/frenchtestsimulator.com\/beta\/#\/schema\/logo\/image\/\"},\"sameAs\":[\"https:\/\/www.facebook.com\/frenchtestsimulator\",\"https:\/\/www.instagram.com\/frenchtestsimulator\"],\"description\":\"The French Test Simulator platform provides realistic simulations to help you effectively prepare for the ELS-ELO, TCF, and TEF oral exams. It offers detailed feedback, personalized coaching, and flexible preparation to help you achieve your best results.\",\"email\":\"support@frenchtestsimulator.com\",\"telephone\":\"+1 613-791-7378\",\"legalName\":\"Technolanguages Services Inc.\",\"foundingDate\":\"2024-12-01\",\"numberOfEmployees\":{\"@type\":\"QuantitativeValue\",\"minValue\":\"1\",\"maxValue\":\"10\"}}]}<\/script>\n<!-- \/ Yoast SEO Premium plugin. -->","yoast_head_json":{"title":"Conditions d\u2019Utilisation - FTS BETA","robots":{"index":"noindex","follow":"follow","max-snippet":"max-snippet:-1","max-image-preview":"max-image-preview:large","max-video-preview":"max-video-preview:-1"},"og_locale":"fr_FR","og_type":"article","og_title":"Conditions d\u2019Utilisation","og_description":"The French Test Simulator platform provides realistic simulations to help you effectively prepare for the ELS-ELO, TCF, and TEF oral exams. It offers detailed feedback, personalized coaching, and flexible preparation to help you achieve your best results.","og_url":"https:\/\/frenchtestsimulator.com\/beta\/fr\/conditions-utilisation\/","og_site_name":"FTS BETA","article_publisher":"https:\/\/www.facebook.com\/frenchtestsimulator","article_modified_time":"2024-12-25T02:50:14+00:00","og_image":[{"width":1031,"height":768,"url":"https:\/\/frenchtestsimulator.com\/beta\/wp-content\/uploads\/2024\/10\/Drapeau-canadien_custom_670df36ab4b1b.png","type":"image\/png"}],"twitter_card":"summary_large_image","twitter_misc":{"Dur\u00e9e de lecture estim\u00e9e":"4 minutes"},"schema":{"@context":"https:\/\/schema.org","@graph":[{"@type":"WebPage","@id":"https:\/\/frenchtestsimulator.com\/beta\/fr\/conditions-utilisation\/","url":"https:\/\/frenchtestsimulator.com\/beta\/fr\/conditions-utilisation\/","name":"Conditions d\u2019Utilisation - FTS BETA","isPartOf":{"@id":"https:\/\/frenchtestsimulator.com\/beta\/#website"},"datePublished":"2024-12-24T05:37:47+00:00","dateModified":"2024-12-25T02:50:14+00:00","breadcrumb":{"@id":"https:\/\/frenchtestsimulator.com\/beta\/fr\/conditions-utilisation\/#breadcrumb"},"inLanguage":"fr-FR","potentialAction":[{"@type":"ReadAction","target":["https:\/\/frenchtestsimulator.com\/beta\/fr\/conditions-utilisation\/"]}]},{"@type":"BreadcrumbList","@id":"https:\/\/frenchtestsimulator.com\/beta\/fr\/conditions-utilisation\/#breadcrumb","itemListElement":[{"@type":"ListItem","position":1,"name":"Home","item":"https:\/\/frenchtestsimulator.com\/beta\/"},{"@type":"ListItem","position":2,"name":"Conditions d\u2019Utilisation"}]},{"@type":"WebSite","@id":"https:\/\/frenchtestsimulator.com\/beta\/#website","url":"https:\/\/frenchtestsimulator.com\/beta\/","name":"French Test Simulator","description":"AI &amp; Best teachers to simulate TCF , TEF , ELS-ELO","publisher":{"@id":"https:\/\/frenchtestsimulator.com\/beta\/#organization"},"alternateName":"French language Tests Simulator","potentialAction":[{"@type":"SearchAction","target":{"@type":"EntryPoint","urlTemplate":"https:\/\/frenchtestsimulator.com\/beta\/?s={search_term_string}"},"query-input":{"@type":"PropertyValueSpecification","valueRequired":true,"valueName":"search_term_string"}}],"inLanguage":"fr-FR"},{"@type":"Organization","@id":"https:\/\/frenchtestsimulator.com\/beta\/#organization","name":"French Test Simulator","alternateName":"FTS","url":"https:\/\/frenchtestsimulator.com\/beta\/","logo":{"@type":"ImageObject","inLanguage":"fr-FR","@id":"https:\/\/frenchtestsimulator.com\/beta\/#\/schema\/logo\/image\/","url":"https:\/\/frenchtestsimulator.com\/beta\/wp-content\/uploads\/2024\/11\/Selected-Logo-2_custom_67414a646def7.png","contentUrl":"https:\/\/frenchtestsimulator.com\/beta\/wp-content\/uploads\/2024\/11\/Selected-Logo-2_custom_67414a646def7.png","width":250,"height":250,"caption":"French Test Simulator"},"image":{"@id":"https:\/\/frenchtestsimulator.com\/beta\/#\/schema\/logo\/image\/"},"sameAs":["https:\/\/www.facebook.com\/frenchtestsimulator","https:\/\/www.instagram.com\/frenchtestsimulator"],"description":"The French Test Simulator platform provides realistic simulations to help you effectively prepare for the ELS-ELO, TCF, and TEF oral exams. It offers detailed feedback, personalized coaching, and flexible preparation to help you achieve your best results.","email":"support@frenchtestsimulator.com","telephone":"+1 613-791-7378","legalName":"Technolanguages Services Inc.","foundingDate":"2024-12-01","numberOfEmployees":{"@type":"QuantitativeValue","minValue":"1","maxValue":"10"}}]}},"lang":"fr","translations":{"fr":3051,"en":2648},"pbg_featured_image_src":{"full":false,"thumbnail":false,"medium":false,"medium_large":false,"large":false,"1536x1536":false,"2048x2048":false,"woocommerce_thumbnail":false,"woocommerce_single":false,"woocommerce_gallery_thumbnail":false},"pbg_author_info":{"display_name":"Karam Medj","author_link":"https:\/\/frenchtestsimulator.com\/beta\/author\/boss2\/","author_img":"<img alt='Karam Medj' src='https:\/\/secure.gravatar.com\/avatar\/caada85e055e9adbd6e7fc4a278bbf42031ee641f3491e7162952c57b2801097?s=128&#038;d=mm&#038;r=g' srcset='https:\/\/secure.gravatar.com\/avatar\/caada85e055e9adbd6e7fc4a278bbf42031ee641f3491e7162952c57b2801097?s=256&#038;d=mm&#038;r=g 2x' class='avatar avatar-128 photo' height='128' width='128' decoding='async'\/>"},"pbg_comment_info":" No Comments","pbg_excerpt":"CONSENTEMENT En utilisant les plateformes et services du Simulateur d&#8217;Entra\u00eenement aux Tests Officiels d&#8217;Expression Orale (ci-apr\u00e8s d\u00e9nomm\u00e9 &#8220;le Simulateur&#8221;), vous [&hellip;]","uagb_featured_image_src":{"full":false,"thumbnail":false,"medium":false,"medium_large":false,"large":false,"1536x1536":false,"2048x2048":false,"woocommerce_thumbnail":false,"woocommerce_single":false,"woocommerce_gallery_thumbnail":false},"uagb_author_info":{"display_name":"Karam Medj","author_link":"https:\/\/frenchtestsimulator.com\/beta\/author\/boss2\/"},"uagb_comment_info":0,"uagb_excerpt":"CONSENTEMENT En utilisant les plateformes et services du Simulateur d&#8217;Entra\u00eenement aux Tests Officiels d&#8217;Expression Orale (ci-apr\u00e8s d\u00e9nomm\u00e9 &#8220;le Simulateur&#8221;), vous [&hellip;]","pll_sync_post":[],"_links":{"self":[{"href":"https:\/\/frenchtestsimulator.com\/beta\/wp-json\/wp\/v2\/pages\/3051","targetHints":{"allow":["GET"]}}],"collection":[{"href":"https:\/\/frenchtestsimulator.com\/beta\/wp-json\/wp\/v2\/pages"}],"about":[{"href":"https:\/\/frenchtestsimulator.com\/beta\/wp-json\/wp\/v2\/types\/page"}],"author":[{"embeddable":true,"href":"https:\/\/frenchtestsimulator.com\/beta\/wp-json\/wp\/v2\/users\/46"}],"replies":[{"embeddable":true,"href":"https:\/\/frenchtestsimulator.com\/beta\/wp-json\/wp\/v2\/comments?post=3051"}],"version-history":[{"count":0,"href":"https:\/\/frenchtestsimulator.com\/beta\/wp-json\/wp\/v2\/pages\/3051\/revisions"}],"wp:attachment":[{"href":"https:\/\/frenchtestsimulator.com\/beta\/wp-json\/wp\/v2\/media?parent=3051"}],"curies":[{"name":"wp","href":"https:\/\/api.w.org\/{rel}","templated":true}]}}