{"id":3144,"date":"2024-12-25T00:56:43","date_gmt":"2024-12-25T00:56:43","guid":{"rendered":"https:\/\/frenchtestsimulator.com\/beta\/about-copy\/"},"modified":"2025-01-21T03:16:16","modified_gmt":"2025-01-21T03:16:16","slug":"a-propos","status":"publish","type":"page","link":"https:\/\/frenchtestsimulator.com\/beta\/fr\/a-propos\/","title":{"rendered":"\u00c0 propos"},"content":{"rendered":"\n<div class=\"wp-block-uagb-container uagb-layout-grid uagb-block-4762f4b2 alignfull uagb-is-root-container\"><div class=\"uagb-container-inner-blocks-wrap\">\n<div class=\"wp-block-uagb-container uagb-block-a8fab2a3\">\n<div class=\"wp-block-uagb-image aligncenter uagb-block-f53e923c wp-block-uagb-image--layout-default wp-block-uagb-image--effect-static wp-block-uagb-image--align-center\"><figure class=\"wp-block-uagb-image__figure\"><img loading=\"lazy\" decoding=\"async\" srcset=\"https:\/\/frenchtestsimulator.com\/beta\/wp-content\/uploads\/2024\/12\/ourvision_custom_67561f7321ee3-1024x692.png ,https:\/\/frenchtestsimulator.com\/beta\/wp-content\/uploads\/2024\/12\/ourvision_custom_67561f7321ee3.png 780w, https:\/\/frenchtestsimulator.com\/beta\/wp-content\/uploads\/2024\/12\/ourvision_custom_67561f7321ee3.png 360w\" sizes=\"auto, (max-width: 480px) 150px\" src=\"https:\/\/frenchtestsimulator.com\/beta\/wp-content\/uploads\/2024\/12\/ourvision_custom_67561f7321ee3-1024x692.png\" alt=\"Ourvision Custom 67561f7321ee3 1024x692\" class=\"uag-image-2536\" width=\"600\" height=\"600\" title=\"ourvision_custom_67561f7321ee3\" loading=\"lazy\" role=\"img\"><\/figure><\/div>\n<\/div>\n\n\n\n<div class=\"wp-block-uagb-container uagb-block-fb8189ce\">\n<h2 class=\" wp-block-heading eplus-wrapper\">Notre vision<\/h2>\n\n\n\n<p class=\" eplus-wrapper\">Notre plateforme est d\u00e9di\u00e9e \u00e0 l&#8217;innovation p\u00e9dagogique, offrant des outils de pointe pour optimiser votre pr\u00e9paration aux \u00e9valuations de la langue fran\u00e7aise. En promouvant l\u2019\u00e9ducation en fran\u00e7ais, nous proposons des ressources sur mesure conformes aux standards des tests officiels tels que le SLE-OLA, le TCF et le TEF. Notre objectif est d\u2019\u00eatre un partenaire de confiance pour vous accompagner vers la r\u00e9ussite, en vous aidant \u00e0 atteindre vos objectifs linguistiques et professionnels gr\u00e2ce \u00e0 un apprentissage interactif et des retours personnalis\u00e9s.<\/p>\n\n\n\n<div class=\"wp-block-premium-buttons premium-button-group premium-button-group-9be270ab5f6e\"><div class=\"premium-button-group_wrap premium-button-group-class-css\">\n<div class=\"wp-block-premium-button premium-button__wrap premium-button-0fef5914336f premium-button__none premium-button__top\" data-icontype=\"icon\" id=\"premium-button-0fef5914336f\"><a href=\"\" rel=\"noopener noreferrer\" target=\"_self\" class=\"premium-button wp-block-button__link premium-button__md premium-button__before premium-button-type\" style=\"color:#ffffff\"><span class=\"premium-button-text-edit\" style=\"color:#ffffff;text-shadow:0px 0px 10px transparent\">Lire plus<\/span><\/a><\/div>\n<\/div><\/div>\n<\/div>\n<\/div><\/div>\n\n\n\n<div class=\"wp-block-uagb-container uagb-layout-grid uagb-block-f222586a alignfull uagb-is-root-container\"><div class=\"uagb-container-inner-blocks-wrap\">\n<div class=\"wp-block-uagb-container uagb-block-7951ff4a\">\n<div class=\"wp-block-uagb-image aligncenter uagb-block-b9c4f353 wp-block-uagb-image--layout-default wp-block-uagb-image--effect-static wp-block-uagb-image--align-center\"><figure class=\"wp-block-uagb-image__figure\"><img loading=\"lazy\" decoding=\"async\" srcset=\"https:\/\/frenchtestsimulator.com\/beta\/wp-content\/uploads\/2024\/10\/Page-About-1_custom_6710826bc37c0-1024x576.png ,https:\/\/frenchtestsimulator.com\/beta\/wp-content\/uploads\/2024\/10\/Page-About-1_custom_6710826bc37c0.png 780w, https:\/\/frenchtestsimulator.com\/beta\/wp-content\/uploads\/2024\/10\/Page-About-1_custom_6710826bc37c0.png 360w\" sizes=\"auto, (max-width: 480px) 150px\" src=\"https:\/\/frenchtestsimulator.com\/beta\/wp-content\/uploads\/2024\/10\/Page-About-1_custom_6710826bc37c0-1024x576.png\" alt=\"Page About 1 Custom 6710826bc37c0 1024x576\" class=\"uag-image-1644\" width=\"600\" height=\"600\" title=\"Page  About (1)\" loading=\"lazy\" role=\"img\"><\/figure><\/div>\n<\/div>\n\n\n\n<div class=\"wp-block-uagb-container uagb-block-946e1ee0\">\n<h2 class=\" wp-block-heading eplus-wrapper\">Nos engagements<\/h2>\n\n\n\n<p class=\" eplus-wrapper\">Nous sommes votre partenaire d&#8217;excellence pour la pr\u00e9paration aux examens de fran\u00e7ais. Notre plateforme offre un accompagnement personnalis\u00e9, adapt\u00e9 \u00e0 vos besoins uniques en apprentissage. Gr\u00e2ce \u00e0 des retours d\u00e9taill\u00e9s, des recommandations sur mesure et des outils innovants, nous vous guidons \u00e0 chaque \u00e9tape. Notre engagement envers la qualit\u00e9 et l&#8217;innovation garantit votre r\u00e9ussite dans l&#8217;atteinte de vos objectifs linguistiques et professionnels.<\/p>\n\n\n\n<div class=\"wp-block-premium-buttons premium-button-group premium-button-group-9be270ab5f6e\"><div class=\"premium-button-group_wrap premium-button-group-class-css\">\n<div class=\"wp-block-premium-button premium-button__wrap premium-button-987f307bbdbc premium-button__none premium-button__top\" data-icontype=\"icon\" id=\"premium-button-987f307bbdbc\"><a href=\"\" rel=\"noopener noreferrer\" target=\"_self\" class=\"premium-button wp-block-button__link premium-button__md premium-button__before premium-button-type\" style=\"color:#ffffff\"><span class=\"premium-button-text-edit\" style=\"color:#ffffff;text-shadow:0px 0px 10px transparent\">Lire plus<\/span><\/a><\/div>\n<\/div><\/div>\n<\/div>\n<\/div><\/div>\n\n\n\n<div class=\"wp-block-uagb-container uagb-layout-grid uagb-block-c37c9199 alignfull uagb-is-root-container\"><div class=\"uagb-container-inner-blocks-wrap\">\n<div class=\"wp-block-uagb-container uagb-block-ccba7928\">\n<div class=\"wp-block-uagb-image aligncenter uagb-block-47e5e008 wp-block-uagb-image--layout-default wp-block-uagb-image--effect-static wp-block-uagb-image--align-center\"><figure class=\"wp-block-uagb-image__figure\"><img loading=\"lazy\" decoding=\"async\" srcset=\"https:\/\/frenchtestsimulator.com\/beta\/wp-content\/uploads\/2024\/10\/Page-About-2_custom_6710883722a07.png ,https:\/\/frenchtestsimulator.com\/beta\/wp-content\/uploads\/2024\/10\/Page-About-2_custom_6710883722a07.png 780w, https:\/\/frenchtestsimulator.com\/beta\/wp-content\/uploads\/2024\/10\/Page-About-2_custom_6710883722a07.png 360w\" sizes=\"auto, (max-width: 480px) 150px\" src=\"https:\/\/frenchtestsimulator.com\/beta\/wp-content\/uploads\/2024\/10\/Page-About-2_custom_6710883722a07.png\" alt=\"Page About 2 Custom 6710883722a07\" class=\"uag-image-1645\" width=\"600\" height=\"600\" title=\"Page  About (2)\" loading=\"lazy\" role=\"img\"><\/figure><\/div>\n<\/div>\n\n\n\n<div class=\"wp-block-uagb-container uagb-block-81a02503\"><h2 class=\" wp-block-heading eplus-wrapper eplus-styles-uid-688805\">Notre \u00e9quipe<\/h2>\n\n\n<p class=\" eplus-wrapper\">Notre \u00e9quipe de professionnels exp\u00e9riment\u00e9s est compos\u00e9e d&#8217;experts en FLS (Fran\u00e7ais Langue Seconde) dot\u00e9s d&#8217;une vaste exp\u00e9rience en enseignement des langues. Nous proposons des solutions d&#8217;apprentissage personnalis\u00e9es, adapt\u00e9es aux besoins de chaque apprenant, afin d&#8217;assurer une progression efficace. En tant qu&#8217;experts en \u00e9valuation, nous concevons des outils et des simulations align\u00e9s sur les standards officiels. Notre r\u00f4le de sp\u00e9cialistes en pr\u00e9paration aux examens garantit un accompagnement cibl\u00e9 pour vous aider \u00e0 r\u00e9ussir vos \u00e9valuations de fran\u00e7ais avec confiance.<\/p>\n\n\n\n<div class=\"wp-block-premium-buttons premium-button-group premium-button-group-9be270ab5f6e\"><div class=\"premium-button-group_wrap premium-button-group-class-css\">\n<div class=\"wp-block-premium-button premium-button__wrap premium-button-b50d3bab67de premium-button__none premium-button__top\" data-icontype=\"icon\" id=\"premium-button-b50d3bab67de\"><a href=\"\" rel=\"noopener noreferrer\" target=\"_self\" class=\"premium-button wp-block-button__link premium-button__md premium-button__before premium-button-type\" style=\"color:#ffffff\"><span class=\"premium-button-text-edit\" style=\"color:#ffffff;text-shadow:0px 0px 10px transparent\">Lire plus<\/span><\/a><\/div>\n<\/div><\/div>\n<\/div>\n<\/div><\/div>\n","protected":false},"excerpt":{"rendered":"<p>Notre vision Notre plateforme est d\u00e9di\u00e9e \u00e0 l&#8217;innovation p\u00e9dagogique, offrant des outils de pointe pour optimiser votre pr\u00e9paration aux \u00e9valuations [&hellip;]<\/p>\n","protected":false},"author":46,"featured_media":0,"parent":0,"menu_order":0,"comment_status":"closed","ping_status":"closed","template":"","meta":{"_acf_changed":false,"_yoast_wpseo_focuskw":"Who is French test simulator","_yoast_wpseo_metadesc":"Read and understand French language test simulator vision and commitments and meet the product and pedagogic teams that built the application","_uag_custom_page_level_css":"","editor_plus_copied_stylings":"{}","_yoast_wpseo_focuskw_synonyms":"","site-sidebar-layout":"default","site-content-layout":"","ast-site-content-layout":"default","site-content-style":"default","site-sidebar-style":"default","ast-global-header-display":"","ast-banner-title-visibility":"","ast-main-header-display":"","ast-hfb-above-header-display":"","ast-hfb-below-header-display":"","ast-hfb-mobile-header-display":"","site-post-title":"disabled","ast-breadcrumbs-content":"","ast-featured-img":"","footer-sml-layout":"","ast-disable-related-posts":"","theme-transparent-header-meta":"","adv-header-id-meta":"","stick-header-meta":"","header-above-stick-meta":"","header-main-stick-meta":"","header-below-stick-meta":"","astra-migrate-meta-layouts":"default","ast-page-background-enabled":"default","ast-page-background-meta":{"desktop":{"background-color":"var(--ast-global-color-4)","background-image":"","background-repeat":"repeat","background-position":"center center","background-size":"auto","background-attachment":"scroll","background-type":"","background-media":"","overlay-type":"","overlay-color":"","overlay-opacity":"","overlay-gradient":""},"tablet":{"background-color":"","background-image":"","background-repeat":"repeat","background-position":"center center","background-size":"auto","background-attachment":"scroll","background-type":"","background-media":"","overlay-type":"","overlay-color":"","overlay-opacity":"","overlay-gradient":""},"mobile":{"background-color":"","background-image":"","background-repeat":"repeat","background-position":"center center","background-size":"auto","background-attachment":"scroll","background-type":"","background-media":"","overlay-type":"","overlay-color":"","overlay-opacity":"","overlay-gradient":""}},"ast-content-background-meta":{"desktop":{"background-color":"var(--ast-global-color-5)","background-image":"","background-repeat":"repeat","background-position":"center center","background-size":"auto","background-attachment":"scroll","background-type":"","background-media":"","overlay-type":"","overlay-color":"","overlay-opacity":"","overlay-gradient":""},"tablet":{"background-color":"var(--ast-global-color-5)","background-image":"","background-repeat":"repeat","background-position":"center center","background-size":"auto","background-attachment":"scroll","background-type":"","background-media":"","overlay-type":"","overlay-color":"","overlay-opacity":"","overlay-gradient":""},"mobile":{"background-color":"var(--ast-global-color-5)","background-image":"","background-repeat":"repeat","background-position":"center center","background-size":"auto","background-attachment":"scroll","background-type":"","background-media":"","overlay-type":"","overlay-color":"","overlay-opacity":"","overlay-gradient":""}},"footnotes":""},"class_list":["post-3144","page","type-page","status-publish","hentry"],"acf":[],"yoast_head":"<!-- This site is optimized with the Yoast SEO Premium plugin v24.0 (Yoast SEO v26.1.1) - https:\/\/yoast.com\/wordpress\/plugins\/seo\/ -->\n<title>\u00c0 propos - FTS BETA<\/title>\n<meta name=\"description\" content=\"Read and understand French language test simulator vision and commitments and meet the product and pedagogic teams that built the application\" \/>\n<meta name=\"robots\" content=\"noindex, follow, max-snippet:-1, max-image-preview:large, max-video-preview:-1\" \/>\n<meta property=\"og:locale\" content=\"fr_FR\" \/>\n<meta property=\"og:type\" content=\"article\" \/>\n<meta property=\"og:title\" content=\"About French Test simulator\" \/>\n<meta property=\"og:description\" content=\"Who is French test simulator and what are their commitments\" \/>\n<meta property=\"og:url\" content=\"https:\/\/frenchtestsimulator.com\/beta\/fr\/a-propos\/\" \/>\n<meta property=\"og:site_name\" content=\"FTS BETA\" \/>\n<meta property=\"article:publisher\" content=\"https:\/\/www.facebook.com\/frenchtestsimulator\" \/>\n<meta property=\"article:modified_time\" content=\"2025-01-21T03:16:16+00:00\" \/>\n<meta property=\"og:image\" content=\"https:\/\/frenchtestsimulator.com\/beta\/wp-content\/uploads\/2024\/10\/Page-About-1_custom_6710826bc37c0.png\" \/>\n\t<meta property=\"og:image:width\" content=\"1366\" \/>\n\t<meta property=\"og:image:height\" content=\"768\" \/>\n\t<meta property=\"og:image:type\" content=\"image\/png\" \/>\n<meta name=\"twitter:card\" content=\"summary_large_image\" \/>\n<meta name=\"twitter:title\" content=\"About French Test simulator\" \/>\n<meta name=\"twitter:description\" content=\"Who is French test simulator and what are their commitments\" \/>\n<meta name=\"twitter:image\" content=\"https:\/\/frenchtestsimulator.com\/beta\/wp-content\/uploads\/2024\/10\/Page-About-1_custom_6710826bc37c0.png\" \/>\n<meta name=\"twitter:label1\" content=\"Dur\u00e9e de lecture estim\u00e9e\" \/>\n\t<meta name=\"twitter:data1\" content=\"2 minutes\" \/>\n<script type=\"application\/ld+json\" class=\"yoast-schema-graph\">{\"@context\":\"https:\/\/schema.org\",\"@graph\":[{\"@type\":[\"WebPage\",\"AboutPage\"],\"@id\":\"https:\/\/frenchtestsimulator.com\/beta\/fr\/a-propos\/\",\"url\":\"https:\/\/frenchtestsimulator.com\/beta\/fr\/a-propos\/\",\"name\":\"\u00c0 propos - FTS BETA\",\"isPartOf\":{\"@id\":\"https:\/\/frenchtestsimulator.com\/beta\/#website\"},\"primaryImageOfPage\":{\"@id\":\"https:\/\/frenchtestsimulator.com\/beta\/fr\/a-propos\/#primaryimage\"},\"image\":{\"@id\":\"https:\/\/frenchtestsimulator.com\/beta\/fr\/a-propos\/#primaryimage\"},\"thumbnailUrl\":\"https:\/\/frenchtestsimulator.com\/beta\/wp-content\/uploads\/2024\/12\/ourvision_custom_67561f7321ee3-1024x692.png\",\"datePublished\":\"2024-12-25T00:56:43+00:00\",\"dateModified\":\"2025-01-21T03:16:16+00:00\",\"description\":\"Read and understand French language test simulator vision and commitments and meet the product and pedagogic teams that built the application\",\"breadcrumb\":{\"@id\":\"https:\/\/frenchtestsimulator.com\/beta\/fr\/a-propos\/#breadcrumb\"},\"inLanguage\":\"fr-FR\",\"potentialAction\":[{\"@type\":\"ReadAction\",\"target\":[\"https:\/\/frenchtestsimulator.com\/beta\/fr\/a-propos\/\"]}]},{\"@type\":\"ImageObject\",\"inLanguage\":\"fr-FR\",\"@id\":\"https:\/\/frenchtestsimulator.com\/beta\/fr\/a-propos\/#primaryimage\",\"url\":\"https:\/\/frenchtestsimulator.com\/beta\/wp-content\/uploads\/2024\/12\/ourvision_custom_67561f7321ee3.png\",\"contentUrl\":\"https:\/\/frenchtestsimulator.com\/beta\/wp-content\/uploads\/2024\/12\/ourvision_custom_67561f7321ee3.png\",\"width\":1137,\"height\":768},{\"@type\":\"BreadcrumbList\",\"@id\":\"https:\/\/frenchtestsimulator.com\/beta\/fr\/a-propos\/#breadcrumb\",\"itemListElement\":[{\"@type\":\"ListItem\",\"position\":1,\"name\":\"Home\",\"item\":\"https:\/\/frenchtestsimulator.com\/beta\/\"},{\"@type\":\"ListItem\",\"position\":2,\"name\":\"About French Tests\"}]},{\"@type\":\"WebSite\",\"@id\":\"https:\/\/frenchtestsimulator.com\/beta\/#website\",\"url\":\"https:\/\/frenchtestsimulator.com\/beta\/\",\"name\":\"French Test Simulator\",\"description\":\"AI &amp; Best teachers to simulate TCF , TEF , ELS-ELO\",\"publisher\":{\"@id\":\"https:\/\/frenchtestsimulator.com\/beta\/#organization\"},\"alternateName\":\"French language Tests Simulator\",\"potentialAction\":[{\"@type\":\"SearchAction\",\"target\":{\"@type\":\"EntryPoint\",\"urlTemplate\":\"https:\/\/frenchtestsimulator.com\/beta\/?s={search_term_string}\"},\"query-input\":{\"@type\":\"PropertyValueSpecification\",\"valueRequired\":true,\"valueName\":\"search_term_string\"}}],\"inLanguage\":\"fr-FR\"},{\"@type\":\"Organization\",\"@id\":\"https:\/\/frenchtestsimulator.com\/beta\/#organization\",\"name\":\"French Test Simulator\",\"alternateName\":\"FTS\",\"url\":\"https:\/\/frenchtestsimulator.com\/beta\/\",\"logo\":{\"@type\":\"ImageObject\",\"inLanguage\":\"fr-FR\",\"@id\":\"https:\/\/frenchtestsimulator.com\/beta\/#\/schema\/logo\/image\/\",\"url\":\"https:\/\/frenchtestsimulator.com\/beta\/wp-content\/uploads\/2024\/11\/Selected-Logo-2_custom_67414a646def7.png\",\"contentUrl\":\"https:\/\/frenchtestsimulator.com\/beta\/wp-content\/uploads\/2024\/11\/Selected-Logo-2_custom_67414a646def7.png\",\"width\":250,\"height\":250,\"caption\":\"French Test Simulator\"},\"image\":{\"@id\":\"https:\/\/frenchtestsimulator.com\/beta\/#\/schema\/logo\/image\/\"},\"sameAs\":[\"https:\/\/www.facebook.com\/frenchtestsimulator\",\"https:\/\/www.instagram.com\/frenchtestsimulator\"],\"description\":\"The French Test Simulator platform provides realistic simulations to help you effectively prepare for the ELS-ELO, TCF, and TEF oral exams. It offers detailed feedback, personalized coaching, and flexible preparation to help you achieve your best results.\",\"email\":\"support@frenchtestsimulator.com\",\"telephone\":\"+1 613-791-7378\",\"legalName\":\"Technolanguages Services Inc.\",\"foundingDate\":\"2024-12-01\",\"numberOfEmployees\":{\"@type\":\"QuantitativeValue\",\"minValue\":\"1\",\"maxValue\":\"10\"}}]}<\/script>\n<!-- \/ Yoast SEO Premium plugin. -->","yoast_head_json":{"title":"\u00c0 propos - FTS BETA","description":"Read and understand French language test simulator vision and commitments and meet the product and pedagogic teams that built the application","robots":{"index":"noindex","follow":"follow","max-snippet":"max-snippet:-1","max-image-preview":"max-image-preview:large","max-video-preview":"max-video-preview:-1"},"og_locale":"fr_FR","og_type":"article","og_title":"About French Test simulator","og_description":"Who is French test simulator and what are their commitments","og_url":"https:\/\/frenchtestsimulator.com\/beta\/fr\/a-propos\/","og_site_name":"FTS BETA","article_publisher":"https:\/\/www.facebook.com\/frenchtestsimulator","article_modified_time":"2025-01-21T03:16:16+00:00","og_image":[{"width":1366,"height":768,"url":"https:\/\/frenchtestsimulator.com\/beta\/wp-content\/uploads\/2024\/10\/Page-About-1_custom_6710826bc37c0.png","type":"image\/png"}],"twitter_card":"summary_large_image","twitter_title":"About French Test simulator","twitter_description":"Who is French test simulator and what are their commitments","twitter_image":"https:\/\/frenchtestsimulator.com\/beta\/wp-content\/uploads\/2024\/10\/Page-About-1_custom_6710826bc37c0.png","twitter_misc":{"Dur\u00e9e de lecture estim\u00e9e":"2 minutes"},"schema":{"@context":"https:\/\/schema.org","@graph":[{"@type":["WebPage","AboutPage"],"@id":"https:\/\/frenchtestsimulator.com\/beta\/fr\/a-propos\/","url":"https:\/\/frenchtestsimulator.com\/beta\/fr\/a-propos\/","name":"\u00c0 propos - FTS BETA","isPartOf":{"@id":"https:\/\/frenchtestsimulator.com\/beta\/#website"},"primaryImageOfPage":{"@id":"https:\/\/frenchtestsimulator.com\/beta\/fr\/a-propos\/#primaryimage"},"image":{"@id":"https:\/\/frenchtestsimulator.com\/beta\/fr\/a-propos\/#primaryimage"},"thumbnailUrl":"https:\/\/frenchtestsimulator.com\/beta\/wp-content\/uploads\/2024\/12\/ourvision_custom_67561f7321ee3-1024x692.png","datePublished":"2024-12-25T00:56:43+00:00","dateModified":"2025-01-21T03:16:16+00:00","description":"Read and understand French language test simulator vision and commitments and meet the product and pedagogic teams that built the application","breadcrumb":{"@id":"https:\/\/frenchtestsimulator.com\/beta\/fr\/a-propos\/#breadcrumb"},"inLanguage":"fr-FR","potentialAction":[{"@type":"ReadAction","target":["https:\/\/frenchtestsimulator.com\/beta\/fr\/a-propos\/"]}]},{"@type":"ImageObject","inLanguage":"fr-FR","@id":"https:\/\/frenchtestsimulator.com\/beta\/fr\/a-propos\/#primaryimage","url":"https:\/\/frenchtestsimulator.com\/beta\/wp-content\/uploads\/2024\/12\/ourvision_custom_67561f7321ee3.png","contentUrl":"https:\/\/frenchtestsimulator.com\/beta\/wp-content\/uploads\/2024\/12\/ourvision_custom_67561f7321ee3.png","width":1137,"height":768},{"@type":"BreadcrumbList","@id":"https:\/\/frenchtestsimulator.com\/beta\/fr\/a-propos\/#breadcrumb","itemListElement":[{"@type":"ListItem","position":1,"name":"Home","item":"https:\/\/frenchtestsimulator.com\/beta\/"},{"@type":"ListItem","position":2,"name":"About French Tests"}]},{"@type":"WebSite","@id":"https:\/\/frenchtestsimulator.com\/beta\/#website","url":"https:\/\/frenchtestsimulator.com\/beta\/","name":"French Test Simulator","description":"AI &amp; Best teachers to simulate TCF , TEF , ELS-ELO","publisher":{"@id":"https:\/\/frenchtestsimulator.com\/beta\/#organization"},"alternateName":"French language Tests Simulator","potentialAction":[{"@type":"SearchAction","target":{"@type":"EntryPoint","urlTemplate":"https:\/\/frenchtestsimulator.com\/beta\/?s={search_term_string}"},"query-input":{"@type":"PropertyValueSpecification","valueRequired":true,"valueName":"search_term_string"}}],"inLanguage":"fr-FR"},{"@type":"Organization","@id":"https:\/\/frenchtestsimulator.com\/beta\/#organization","name":"French Test Simulator","alternateName":"FTS","url":"https:\/\/frenchtestsimulator.com\/beta\/","logo":{"@type":"ImageObject","inLanguage":"fr-FR","@id":"https:\/\/frenchtestsimulator.com\/beta\/#\/schema\/logo\/image\/","url":"https:\/\/frenchtestsimulator.com\/beta\/wp-content\/uploads\/2024\/11\/Selected-Logo-2_custom_67414a646def7.png","contentUrl":"https:\/\/frenchtestsimulator.com\/beta\/wp-content\/uploads\/2024\/11\/Selected-Logo-2_custom_67414a646def7.png","width":250,"height":250,"caption":"French Test Simulator"},"image":{"@id":"https:\/\/frenchtestsimulator.com\/beta\/#\/schema\/logo\/image\/"},"sameAs":["https:\/\/www.facebook.com\/frenchtestsimulator","https:\/\/www.instagram.com\/frenchtestsimulator"],"description":"The French Test Simulator platform provides realistic simulations to help you effectively prepare for the ELS-ELO, TCF, and TEF oral exams. It offers detailed feedback, personalized coaching, and flexible preparation to help you achieve your best results.","email":"support@frenchtestsimulator.com","telephone":"+1 613-791-7378","legalName":"Technolanguages Services Inc.","foundingDate":"2024-12-01","numberOfEmployees":{"@type":"QuantitativeValue","minValue":"1","maxValue":"10"}}]}},"lang":"fr","translations":{"fr":3144,"en":37},"pbg_featured_image_src":{"full":false,"thumbnail":false,"medium":false,"medium_large":false,"large":false,"1536x1536":false,"2048x2048":false,"woocommerce_thumbnail":false,"woocommerce_single":false,"woocommerce_gallery_thumbnail":false},"pbg_author_info":{"display_name":"Karam Medj","author_link":"https:\/\/frenchtestsimulator.com\/beta\/author\/boss2\/","author_img":"<img alt='Karam Medj' src='https:\/\/secure.gravatar.com\/avatar\/caada85e055e9adbd6e7fc4a278bbf42031ee641f3491e7162952c57b2801097?s=128&#038;d=mm&#038;r=g' srcset='https:\/\/secure.gravatar.com\/avatar\/caada85e055e9adbd6e7fc4a278bbf42031ee641f3491e7162952c57b2801097?s=256&#038;d=mm&#038;r=g 2x' class='avatar avatar-128 photo' height='128' width='128' decoding='async'\/>"},"pbg_comment_info":" No Comments","pbg_excerpt":"Notre vision Notre plateforme est d\u00e9di\u00e9e \u00e0 l&#8217;innovation p\u00e9dagogique, offrant des outils de pointe pour optimiser votre pr\u00e9paration aux \u00e9valuations [&hellip;]","uagb_featured_image_src":{"full":false,"thumbnail":false,"medium":false,"medium_large":false,"large":false,"1536x1536":false,"2048x2048":false,"woocommerce_thumbnail":false,"woocommerce_single":false,"woocommerce_gallery_thumbnail":false},"uagb_author_info":{"display_name":"Karam Medj","author_link":"https:\/\/frenchtestsimulator.com\/beta\/author\/boss2\/"},"uagb_comment_info":0,"uagb_excerpt":"Notre vision Notre plateforme est d\u00e9di\u00e9e \u00e0 l&#8217;innovation p\u00e9dagogique, offrant des outils de pointe pour optimiser votre pr\u00e9paration aux \u00e9valuations [&hellip;]","pll_sync_post":[],"_links":{"self":[{"href":"https:\/\/frenchtestsimulator.com\/beta\/wp-json\/wp\/v2\/pages\/3144","targetHints":{"allow":["GET"]}}],"collection":[{"href":"https:\/\/frenchtestsimulator.com\/beta\/wp-json\/wp\/v2\/pages"}],"about":[{"href":"https:\/\/frenchtestsimulator.com\/beta\/wp-json\/wp\/v2\/types\/page"}],"author":[{"embeddable":true,"href":"https:\/\/frenchtestsimulator.com\/beta\/wp-json\/wp\/v2\/users\/46"}],"replies":[{"embeddable":true,"href":"https:\/\/frenchtestsimulator.com\/beta\/wp-json\/wp\/v2\/comments?post=3144"}],"version-history":[{"count":0,"href":"https:\/\/frenchtestsimulator.com\/beta\/wp-json\/wp\/v2\/pages\/3144\/revisions"}],"wp:attachment":[{"href":"https:\/\/frenchtestsimulator.com\/beta\/wp-json\/wp\/v2\/media?parent=3144"}],"curies":[{"name":"wp","href":"https:\/\/api.w.org\/{rel}","templated":true}]}}