{"id":3868,"date":"2025-02-04T00:25:15","date_gmt":"2025-02-04T05:25:15","guid":{"rendered":"https:\/\/frenchtestsimulator.com\/beta\/?page_id=3868"},"modified":"2025-02-04T00:28:22","modified_gmt":"2025-02-04T05:28:22","slug":"contactez-nous","status":"publish","type":"page","link":"https:\/\/frenchtestsimulator.com\/beta\/fr\/contactez-nous\/","title":{"rendered":"Contactez nous"},"content":{"rendered":"\n<div class=\"wp-block-uagb-container uagb-layout-grid uagb-block-4762f4b2 alignfull uagb-is-root-container\"><div class=\"uagb-container-inner-blocks-wrap\">\n<div class=\"wp-block-uagb-advanced-heading uagb-block-e982e89f\"><p class=\"uagb-desc-text\">Contactez nous us, Nous sommes l\u00c0 !<\/p><h1 class=\"uagb-heading-text\">Contactez-nous pour une assistance experte aux tests de langue.<\/h1><\/div>\n<\/div><\/div>\n\n\n\n<div class=\"wp-block-uagb-container uagb-block-b111921c alignfull uagb-is-root-container\"><div class=\"uagb-container-inner-blocks-wrap\">\n<div class=\"wp-block-uagb-container uagb-block-f6275236\">\n<div class=\"wp-block-uagb-container uagb-block-9700d9f0\">\n<div class=\"wp-block-uagb-advanced-heading uagb-block-8ed60f39\"><p class=\"uagb-desc-text\"><mark class=\"uagb-highlight\">T\u00e9l\u00e9phone<\/mark><\/p><h3 class=\"uagb-heading-text\">+1 (613) 416-4510<\/h3><\/div>\n<\/div>\n\n\n\n<div class=\"wp-block-uagb-container uagb-block-f754c0f4\">\n<div class=\"wp-block-uagb-advanced-heading uagb-block-8adbf773\"><p class=\"uagb-desc-text\"><mark class=\"uagb-highlight\">Adresse<\/mark>eee<\/p><h3 class=\"uagb-heading-text\">Ottawa, Canada<\/h3><\/div>\n<\/div>\n\n\n\n<div class=\"wp-block-uagb-container uagb-block-0374ebbf\">\n<div class=\"wp-block-uagb-advanced-heading uagb-block-cd68c7de\"><p class=\"uagb-desc-text\"><mark class=\"uagb-highlight\">Courriel<\/mark><\/p><h3 class=\"uagb-heading-text\">support@frenchtestsimulator.com<\/h3><\/div>\n<\/div>\n\n\n\n<div class=\"wp-block-uagb-container uagb-block-7d76a315\">\n<div class=\"wp-block-uagb-advanced-heading uagb-block-356dc240\"><p class=\"uagb-desc-text\">R\u00e9seaux sociaux<\/p><\/div>\n\n\n\n<div class=\"wp-block-uagb-icon-list uagb-block-27cb2f14\"><div class=\"uagb-icon-list__wrap\">\n<div class=\"wp-block-uagb-icon-list-child uagb-block-fd15eccd\"><a target=\"_blank\" aria-label=\"List item\" rel=\"noopener noreferrer\" href=\"facebook.com\/oraltestsimulator\"> <\/a><span class=\"uagb-icon-list__source-wrap\"><svg xmlns=\"https:\/\/www.w3.org\/2000\/svg\" viewBox=\"0 0 512 512\"><path d=\"M504 256C504 119 393 8 256 8S8 119 8 256c0 123.8 90.69 226.4 209.3 245V327.7h-63V256h63v-54.64c0-62.15 37-96.48 93.67-96.48 27.14 0 55.52 4.84 55.52 4.84v61h-31.28c-30.8 0-40.41 19.12-40.41 38.73V256h68.78l-11 71.69h-57.78V501C413.3 482.4 504 379.8 504 256z\"><\/path><\/svg><\/span><\/div>\n\n\n\n<div class=\"wp-block-uagb-icon-list-child uagb-block-8cb811c4\"><a target=\"_blank\" aria-label=\"List item\" rel=\"noopener noreferrer\" href=\"https:\/\/www.instagram.com\/frenchtestsimulator\/\"> <\/a><span class=\"uagb-icon-list__source-wrap\"><svg xmlns=\"https:\/\/www.w3.org\/2000\/svg\" viewBox=\"0 0 448 512\"><path d=\"M224 202.7A53.34 53.34 0 1 0 277.4 256 53.38 53.38 0 0 0 224 202.7zm124.7-41a54 54 0 0 0 -30.41-30.41c-21-8.29-71-6.43-94.3-6.43s-73.25-1.93-94.31 6.43a54 54 0 0 0 -30.41 30.41c-8.28 21-6.43 71.05-6.43 94.33S91 329.3 99.32 350.3a54 54 0 0 0 30.41 30.41c21 8.29 71 6.43 94.31 6.43s73.24 1.93 94.3-6.43a54 54 0 0 0 30.41-30.41c8.35-21 6.43-71.05 6.43-94.33S357.1 182.7 348.8 161.7zM224 338a82 82 0 1 1 82-82A81.9 81.9 0 0 1 224 338zm85.38-148.3a19.14 19.14 0 1 1 19.13-19.14A19.1 19.1 0 0 1 309.4 189.7zM400 32H48A48 48 0 0 0 0 80V432a48 48 0 0 0 48 48H400a48 48 0 0 0 48-48V80A48 48 0 0 0 400 32zM382.9 322c-1.29 25.63-7.14 48.34-25.85 67s-41.4 24.63-67 25.85c-26.41 1.49-105.6 1.49-132 0-25.63-1.29-48.26-7.15-67-25.85s-24.63-41.42-25.85-67c-1.49-26.42-1.49-105.6 0-132 1.29-25.63 7.07-48.34 25.85-67s41.47-24.56 67-25.78c26.41-1.49 105.6-1.49 132 0 25.63 1.29 48.33 7.15 67 25.85s24.63 41.42 25.85 67.05C384.4 216.4 384.4 295.6 382.9 322z\"><\/path><\/svg><\/span><\/div>\n<\/div><\/div>\n<\/div>\n<\/div>\n<\/div><\/div>\n\n\n\n<div class=\"wp-block-uagb-container uagb-layout-grid uagb-block-f67827a6 alignfull uagb-is-root-container\"><div class=\"uagb-container-inner-blocks-wrap\">\n<div class=\"wp-block-uagb-info-box uagb-block-26bb2952 uagb-infobox__content-wrap  uagb-infobox-icon-above-title uagb-infobox-image-valign-top wp-block-uagb-info-box--has-margin\"><div class=\"uagb-infobox-margin-wrapper\"><div class=\"uagb-ifb-content\"><div class=\"uagb-ifb-title-wrap\"><h2 class=\"uagb-ifb-title\">Remplissez notre formulaire de contact pour une assistance rapide.<\/h2><\/div><p class=\"uagb-ifb-desc\">Complete the form below and our team will get back to you shortly.<\/p><\/div><\/div><\/div>\n\n\n<div class=\"wpforms-container wpforms-block wpforms-block-eef7cfcc-5006-41fe-9df8-54bafc53e1f1\" id=\"wpforms-1077\"><form id=\"wpforms-form-1077\" class=\"wpforms-validate wpforms-form wpforms-ajax-form\" data-formid=\"1077\" method=\"post\" enctype=\"multipart\/form-data\" action=\"\/beta\/wp-json\/wp\/v2\/pages\/3868\" data-token=\"60605178cf6b3a21480ab96bb3ec2a24\" data-token-time=\"1777905650\"><noscript class=\"wpforms-error-noscript\">Veuillez activer JavaScript dans votre navigateur pour remplir ce formulaire.<\/noscript><div class=\"wpforms-field-container\"><div id=\"wpforms-1077-field_0-container\" class=\"wpforms-field wpforms-field-name\" data-field-id=\"0\"><label class=\"wpforms-field-label\">Name <span class=\"wpforms-required-label\">*<\/span><\/label><div class=\"wpforms-field-row wpforms-field-large\"><div class=\"wpforms-field-row-block wpforms-first wpforms-one-half\"><input type=\"text\" id=\"wpforms-1077-field_0\" class=\"wpforms-field-name-first wpforms-field-required\" name=\"wpforms[fields][0][first]\" required><label for=\"wpforms-1077-field_0\" class=\"wpforms-field-sublabel after\">Pr\u00e9nom<\/label><\/div><div class=\"wpforms-field-row-block wpforms-one-half\"><input type=\"text\" id=\"wpforms-1077-field_0-last\" class=\"wpforms-field-name-last wpforms-field-required\" name=\"wpforms[fields][0][last]\" required><label for=\"wpforms-1077-field_0-last\" class=\"wpforms-field-sublabel after\">Nom<\/label><\/div><\/div><\/div><div id=\"wpforms-1077-field_1-container\" class=\"wpforms-field wpforms-field-email\" data-field-id=\"1\"><label class=\"wpforms-field-label\" for=\"wpforms-1077-field_1\">                                       Email <span class=\"wpforms-required-label\">*<\/span><\/label><input type=\"email\" id=\"wpforms-1077-field_1\" class=\"wpforms-field-large wpforms-field-required\" name=\"wpforms[fields][1]\" spellcheck=\"false\" required><\/div><div id=\"wpforms-1077-field_2-container\" class=\"wpforms-field wpforms-field-textarea\" data-field-id=\"2\"><label class=\"wpforms-field-label\" for=\"wpforms-1077-field_2\">Comment or Message<\/label><textarea id=\"wpforms-1077-field_2\" class=\"wpforms-field-small\" name=\"wpforms[fields][2]\" ><\/textarea><\/div><\/div><!-- .wpforms-field-container --><div class=\"wpforms-submit-container\" ><input type=\"hidden\" name=\"wpforms[id]\" value=\"1077\"><input type=\"hidden\" name=\"page_title\" value=\"\"><input type=\"hidden\" name=\"page_url\" value=\"https:\/\/frenchtestsimulator.com\/beta\/wp-json\/wp\/v2\/pages\/3868\"><button type=\"submit\" name=\"wpforms[submit]\" id=\"wpforms-submit-1077\" class=\"wpforms-submit\" data-alt-text=\"Sending...\" data-submit-text=\"Submit\" aria-live=\"assertive\" value=\"wpforms-submit\">Submit<\/button><img decoding=\"async\" src=\"https:\/\/frenchtestsimulator.com\/beta\/wp-content\/plugins\/wpforms\/assets\/images\/submit-spin.svg\" class=\"wpforms-submit-spinner\" style=\"display: none;\" width=\"26\" height=\"26\" alt=\"Chargement en cours\" title=\"Contactez nous\"><\/div><\/form><\/div>  <!-- .wpforms-container --><\/div><\/div>\n\n\n\n<div class=\"wp-block-uagb-image uagb-block-7c92cccf wp-block-uagb-image--layout-default wp-block-uagb-image--effect-static wp-block-uagb-image--align-none\"><figure class=\"wp-block-uagb-image__figure\"><img loading=\"lazy\" decoding=\"async\" srcset=\"https:\/\/frenchtestsimulator.com\/beta\/wp-content\/uploads\/2024\/12\/Woman-with-headphones_custom_67566424109af.png ,https:\/\/frenchtestsimulator.com\/beta\/wp-content\/uploads\/2024\/12\/Woman-with-headphones_custom_67566424109af.png 780w, https:\/\/frenchtestsimulator.com\/beta\/wp-content\/uploads\/2024\/12\/Woman-with-headphones_custom_67566424109af.png 360w\" sizes=\"auto, (max-width: 480px) 150px\" src=\"https:\/\/frenchtestsimulator.com\/beta\/wp-content\/uploads\/2024\/12\/Woman-with-headphones_custom_67566424109af.png\" alt=\"Woman speaking with a headset\" class=\"uag-image-2602\" width=\"335\" height=\"423\" title=\"Woman with headphones\" loading=\"lazy\" role=\"img\"\/><\/figure><\/div>\n\n\n\n<p class=\" eplus-wrapper\"><\/p>\n","protected":false},"excerpt":{"rendered":"<p>Contactez nous us, Nous sommes l\u00c0 ! Contactez-nous pour une assistance experte aux tests de langue. T\u00e9l\u00e9phone +1 (613) 416-4510 [&hellip;]<\/p>\n","protected":false},"author":46,"featured_media":0,"parent":0,"menu_order":0,"comment_status":"closed","ping_status":"closed","template":"","meta":{"_acf_changed":false,"_yoast_wpseo_focuskw":"Contact","_yoast_wpseo_metadesc":"Any problem ? . Get in touch with us. the contact page gives you all the details to reach French Test Simulator team. We are here for you.","_uag_custom_page_level_css":"","editor_plus_copied_stylings":"{}","_yoast_wpseo_focuskw_synonyms":"","site-sidebar-layout":"default","site-content-layout":"","ast-site-content-layout":"","site-content-style":"default","site-sidebar-style":"default","ast-global-header-display":"","ast-banner-title-visibility":"","ast-main-header-display":"","ast-hfb-above-header-display":"","ast-hfb-below-header-display":"","ast-hfb-mobile-header-display":"","site-post-title":"disabled","ast-breadcrumbs-content":"","ast-featured-img":"","footer-sml-layout":"","ast-disable-related-posts":"","theme-transparent-header-meta":"","adv-header-id-meta":"","stick-header-meta":"","header-above-stick-meta":"","header-main-stick-meta":"","header-below-stick-meta":"","astra-migrate-meta-layouts":"default","ast-page-background-enabled":"default","ast-page-background-meta":{"desktop":{"background-color":"var(--ast-global-color-4)","background-image":"","background-repeat":"repeat","background-position":"center center","background-size":"auto","background-attachment":"scroll","background-type":"","background-media":"","overlay-type":"","overlay-color":"","overlay-opacity":"","overlay-gradient":""},"tablet":{"background-color":"","background-image":"","background-repeat":"repeat","background-position":"center center","background-size":"auto","background-attachment":"scroll","background-type":"","background-media":"","overlay-type":"","overlay-color":"","overlay-opacity":"","overlay-gradient":""},"mobile":{"background-color":"","background-image":"","background-repeat":"repeat","background-position":"center center","background-size":"auto","background-attachment":"scroll","background-type":"","background-media":"","overlay-type":"","overlay-color":"","overlay-opacity":"","overlay-gradient":""}},"ast-content-background-meta":{"desktop":{"background-color":"var(--ast-global-color-5)","background-image":"","background-repeat":"repeat","background-position":"center center","background-size":"auto","background-attachment":"scroll","background-type":"","background-media":"","overlay-type":"","overlay-color":"","overlay-opacity":"","overlay-gradient":""},"tablet":{"background-color":"var(--ast-global-color-5)","background-image":"","background-repeat":"repeat","background-position":"center center","background-size":"auto","background-attachment":"scroll","background-type":"","background-media":"","overlay-type":"","overlay-color":"","overlay-opacity":"","overlay-gradient":""},"mobile":{"background-color":"var(--ast-global-color-5)","background-image":"","background-repeat":"repeat","background-position":"center center","background-size":"auto","background-attachment":"scroll","background-type":"","background-media":"","overlay-type":"","overlay-color":"","overlay-opacity":"","overlay-gradient":""}},"footnotes":""},"class_list":["post-3868","page","type-page","status-publish","hentry"],"acf":[],"yoast_head":"<!-- This site is optimized with the Yoast SEO Premium plugin v24.0 (Yoast SEO v26.1.1) - https:\/\/yoast.com\/wordpress\/plugins\/seo\/ -->\n<title>Contactez nous - FTS BETA<\/title>\n<meta name=\"description\" content=\"Any problem ? . Get in touch with us. the contact page gives you all the details to reach French Test Simulator team. We are here for you.\" \/>\n<meta name=\"robots\" content=\"noindex, follow, max-snippet:-1, max-image-preview:large, max-video-preview:-1\" \/>\n<meta property=\"og:locale\" content=\"fr_FR\" \/>\n<meta property=\"og:type\" content=\"article\" \/>\n<meta property=\"og:title\" content=\"Contactez nous\" \/>\n<meta property=\"og:description\" content=\"The French Test Simulator platform provides realistic simulations to help you effectively prepare for the ELS-ELO, TCF, and TEF oral exams. It offers detailed feedback, personalized coaching, and flexible preparation to help you achieve your best results.\" \/>\n<meta property=\"og:url\" content=\"https:\/\/frenchtestsimulator.com\/beta\/fr\/contactez-nous\/\" \/>\n<meta property=\"og:site_name\" content=\"FTS BETA\" \/>\n<meta property=\"article:publisher\" content=\"https:\/\/www.facebook.com\/frenchtestsimulator\" \/>\n<meta property=\"article:modified_time\" content=\"2025-02-04T05:28:22+00:00\" \/>\n<meta property=\"og:image\" content=\"https:\/\/frenchtestsimulator.com\/beta\/wp-content\/uploads\/2024\/12\/Woman-with-headphones_custom_67566424109af.png\" \/>\n<meta name=\"twitter:card\" content=\"summary_large_image\" \/>\n<meta name=\"twitter:label1\" content=\"Dur\u00e9e de lecture estim\u00e9e\" \/>\n\t<meta name=\"twitter:data1\" content=\"1 minute\" \/>\n<script type=\"application\/ld+json\" class=\"yoast-schema-graph\">{\"@context\":\"https:\/\/schema.org\",\"@graph\":[{\"@type\":\"WebPage\",\"@id\":\"https:\/\/frenchtestsimulator.com\/beta\/fr\/contactez-nous\/\",\"url\":\"https:\/\/frenchtestsimulator.com\/beta\/fr\/contactez-nous\/\",\"name\":\"Contactez nous - FTS BETA\",\"isPartOf\":{\"@id\":\"https:\/\/frenchtestsimulator.com\/beta\/#website\"},\"primaryImageOfPage\":{\"@id\":\"https:\/\/frenchtestsimulator.com\/beta\/fr\/contactez-nous\/#primaryimage\"},\"image\":{\"@id\":\"https:\/\/frenchtestsimulator.com\/beta\/fr\/contactez-nous\/#primaryimage\"},\"thumbnailUrl\":\"https:\/\/frenchtestsimulator.com\/beta\/wp-content\/uploads\/2024\/12\/Woman-with-headphones_custom_67566424109af.png\",\"datePublished\":\"2025-02-04T05:25:15+00:00\",\"dateModified\":\"2025-02-04T05:28:22+00:00\",\"description\":\"Any problem ? . Get in touch with us. the contact page gives you all the details to reach French Test Simulator team. We are here for you.\",\"breadcrumb\":{\"@id\":\"https:\/\/frenchtestsimulator.com\/beta\/fr\/contactez-nous\/#breadcrumb\"},\"inLanguage\":\"fr-FR\",\"potentialAction\":[{\"@type\":\"ReadAction\",\"target\":[\"https:\/\/frenchtestsimulator.com\/beta\/fr\/contactez-nous\/\"]}]},{\"@type\":\"ImageObject\",\"inLanguage\":\"fr-FR\",\"@id\":\"https:\/\/frenchtestsimulator.com\/beta\/fr\/contactez-nous\/#primaryimage\",\"url\":\"https:\/\/frenchtestsimulator.com\/beta\/wp-content\/uploads\/2024\/12\/Woman-with-headphones_custom_67566424109af.png\",\"contentUrl\":\"https:\/\/frenchtestsimulator.com\/beta\/wp-content\/uploads\/2024\/12\/Woman-with-headphones_custom_67566424109af.png\",\"width\":602,\"height\":761,\"caption\":\"Woman and Headset\"},{\"@type\":\"BreadcrumbList\",\"@id\":\"https:\/\/frenchtestsimulator.com\/beta\/fr\/contactez-nous\/#breadcrumb\",\"itemListElement\":[{\"@type\":\"ListItem\",\"position\":1,\"name\":\"Home\",\"item\":\"https:\/\/frenchtestsimulator.com\/beta\/\"},{\"@type\":\"ListItem\",\"position\":2,\"name\":\"Contactez nous\"}]},{\"@type\":\"WebSite\",\"@id\":\"https:\/\/frenchtestsimulator.com\/beta\/#website\",\"url\":\"https:\/\/frenchtestsimulator.com\/beta\/\",\"name\":\"French Test Simulator\",\"description\":\"AI &amp; Best teachers to simulate TCF , TEF , ELS-ELO\",\"publisher\":{\"@id\":\"https:\/\/frenchtestsimulator.com\/beta\/#organization\"},\"alternateName\":\"French language Tests Simulator\",\"potentialAction\":[{\"@type\":\"SearchAction\",\"target\":{\"@type\":\"EntryPoint\",\"urlTemplate\":\"https:\/\/frenchtestsimulator.com\/beta\/?s={search_term_string}\"},\"query-input\":{\"@type\":\"PropertyValueSpecification\",\"valueRequired\":true,\"valueName\":\"search_term_string\"}}],\"inLanguage\":\"fr-FR\"},{\"@type\":\"Organization\",\"@id\":\"https:\/\/frenchtestsimulator.com\/beta\/#organization\",\"name\":\"French Test Simulator\",\"alternateName\":\"FTS\",\"url\":\"https:\/\/frenchtestsimulator.com\/beta\/\",\"logo\":{\"@type\":\"ImageObject\",\"inLanguage\":\"fr-FR\",\"@id\":\"https:\/\/frenchtestsimulator.com\/beta\/#\/schema\/logo\/image\/\",\"url\":\"https:\/\/frenchtestsimulator.com\/beta\/wp-content\/uploads\/2024\/11\/Selected-Logo-2_custom_67414a646def7.png\",\"contentUrl\":\"https:\/\/frenchtestsimulator.com\/beta\/wp-content\/uploads\/2024\/11\/Selected-Logo-2_custom_67414a646def7.png\",\"width\":250,\"height\":250,\"caption\":\"French Test Simulator\"},\"image\":{\"@id\":\"https:\/\/frenchtestsimulator.com\/beta\/#\/schema\/logo\/image\/\"},\"sameAs\":[\"https:\/\/www.facebook.com\/frenchtestsimulator\",\"https:\/\/www.instagram.com\/frenchtestsimulator\"],\"description\":\"The French Test Simulator platform provides realistic simulations to help you effectively prepare for the ELS-ELO, TCF, and TEF oral exams. It offers detailed feedback, personalized coaching, and flexible preparation to help you achieve your best results.\",\"email\":\"support@frenchtestsimulator.com\",\"telephone\":\"+1 613-791-7378\",\"legalName\":\"Technolanguages Services Inc.\",\"foundingDate\":\"2024-12-01\",\"numberOfEmployees\":{\"@type\":\"QuantitativeValue\",\"minValue\":\"1\",\"maxValue\":\"10\"}}]}<\/script>\n<!-- \/ Yoast SEO Premium plugin. -->","yoast_head_json":{"title":"Contactez nous - FTS BETA","description":"Any problem ? . Get in touch with us. the contact page gives you all the details to reach French Test Simulator team. We are here for you.","robots":{"index":"noindex","follow":"follow","max-snippet":"max-snippet:-1","max-image-preview":"max-image-preview:large","max-video-preview":"max-video-preview:-1"},"og_locale":"fr_FR","og_type":"article","og_title":"Contactez nous","og_description":"The French Test Simulator platform provides realistic simulations to help you effectively prepare for the ELS-ELO, TCF, and TEF oral exams. It offers detailed feedback, personalized coaching, and flexible preparation to help you achieve your best results.","og_url":"https:\/\/frenchtestsimulator.com\/beta\/fr\/contactez-nous\/","og_site_name":"FTS BETA","article_publisher":"https:\/\/www.facebook.com\/frenchtestsimulator","article_modified_time":"2025-02-04T05:28:22+00:00","og_image":[{"url":"https:\/\/frenchtestsimulator.com\/beta\/wp-content\/uploads\/2024\/12\/Woman-with-headphones_custom_67566424109af.png","type":"","width":"","height":""}],"twitter_card":"summary_large_image","twitter_misc":{"Dur\u00e9e de lecture estim\u00e9e":"1 minute"},"schema":{"@context":"https:\/\/schema.org","@graph":[{"@type":"WebPage","@id":"https:\/\/frenchtestsimulator.com\/beta\/fr\/contactez-nous\/","url":"https:\/\/frenchtestsimulator.com\/beta\/fr\/contactez-nous\/","name":"Contactez nous - FTS BETA","isPartOf":{"@id":"https:\/\/frenchtestsimulator.com\/beta\/#website"},"primaryImageOfPage":{"@id":"https:\/\/frenchtestsimulator.com\/beta\/fr\/contactez-nous\/#primaryimage"},"image":{"@id":"https:\/\/frenchtestsimulator.com\/beta\/fr\/contactez-nous\/#primaryimage"},"thumbnailUrl":"https:\/\/frenchtestsimulator.com\/beta\/wp-content\/uploads\/2024\/12\/Woman-with-headphones_custom_67566424109af.png","datePublished":"2025-02-04T05:25:15+00:00","dateModified":"2025-02-04T05:28:22+00:00","description":"Any problem ? . Get in touch with us. the contact page gives you all the details to reach French Test Simulator team. We are here for you.","breadcrumb":{"@id":"https:\/\/frenchtestsimulator.com\/beta\/fr\/contactez-nous\/#breadcrumb"},"inLanguage":"fr-FR","potentialAction":[{"@type":"ReadAction","target":["https:\/\/frenchtestsimulator.com\/beta\/fr\/contactez-nous\/"]}]},{"@type":"ImageObject","inLanguage":"fr-FR","@id":"https:\/\/frenchtestsimulator.com\/beta\/fr\/contactez-nous\/#primaryimage","url":"https:\/\/frenchtestsimulator.com\/beta\/wp-content\/uploads\/2024\/12\/Woman-with-headphones_custom_67566424109af.png","contentUrl":"https:\/\/frenchtestsimulator.com\/beta\/wp-content\/uploads\/2024\/12\/Woman-with-headphones_custom_67566424109af.png","width":602,"height":761,"caption":"Woman and Headset"},{"@type":"BreadcrumbList","@id":"https:\/\/frenchtestsimulator.com\/beta\/fr\/contactez-nous\/#breadcrumb","itemListElement":[{"@type":"ListItem","position":1,"name":"Home","item":"https:\/\/frenchtestsimulator.com\/beta\/"},{"@type":"ListItem","position":2,"name":"Contactez nous"}]},{"@type":"WebSite","@id":"https:\/\/frenchtestsimulator.com\/beta\/#website","url":"https:\/\/frenchtestsimulator.com\/beta\/","name":"French Test Simulator","description":"AI &amp; Best teachers to simulate TCF , TEF , ELS-ELO","publisher":{"@id":"https:\/\/frenchtestsimulator.com\/beta\/#organization"},"alternateName":"French language Tests Simulator","potentialAction":[{"@type":"SearchAction","target":{"@type":"EntryPoint","urlTemplate":"https:\/\/frenchtestsimulator.com\/beta\/?s={search_term_string}"},"query-input":{"@type":"PropertyValueSpecification","valueRequired":true,"valueName":"search_term_string"}}],"inLanguage":"fr-FR"},{"@type":"Organization","@id":"https:\/\/frenchtestsimulator.com\/beta\/#organization","name":"French Test Simulator","alternateName":"FTS","url":"https:\/\/frenchtestsimulator.com\/beta\/","logo":{"@type":"ImageObject","inLanguage":"fr-FR","@id":"https:\/\/frenchtestsimulator.com\/beta\/#\/schema\/logo\/image\/","url":"https:\/\/frenchtestsimulator.com\/beta\/wp-content\/uploads\/2024\/11\/Selected-Logo-2_custom_67414a646def7.png","contentUrl":"https:\/\/frenchtestsimulator.com\/beta\/wp-content\/uploads\/2024\/11\/Selected-Logo-2_custom_67414a646def7.png","width":250,"height":250,"caption":"French Test Simulator"},"image":{"@id":"https:\/\/frenchtestsimulator.com\/beta\/#\/schema\/logo\/image\/"},"sameAs":["https:\/\/www.facebook.com\/frenchtestsimulator","https:\/\/www.instagram.com\/frenchtestsimulator"],"description":"The French Test Simulator platform provides realistic simulations to help you effectively prepare for the ELS-ELO, TCF, and TEF oral exams. It offers detailed feedback, personalized coaching, and flexible preparation to help you achieve your best results.","email":"support@frenchtestsimulator.com","telephone":"+1 613-791-7378","legalName":"Technolanguages Services Inc.","foundingDate":"2024-12-01","numberOfEmployees":{"@type":"QuantitativeValue","minValue":"1","maxValue":"10"}}]}},"lang":"fr","translations":{"fr":3868,"en":40},"pbg_featured_image_src":{"full":false,"thumbnail":false,"medium":false,"medium_large":false,"large":false,"1536x1536":false,"2048x2048":false,"woocommerce_thumbnail":false,"woocommerce_single":false,"woocommerce_gallery_thumbnail":false},"pbg_author_info":{"display_name":"Karam Medj","author_link":"https:\/\/frenchtestsimulator.com\/beta\/author\/boss2\/","author_img":"<img alt='Karam Medj' src='https:\/\/secure.gravatar.com\/avatar\/caada85e055e9adbd6e7fc4a278bbf42031ee641f3491e7162952c57b2801097?s=128&#038;d=mm&#038;r=g' srcset='https:\/\/secure.gravatar.com\/avatar\/caada85e055e9adbd6e7fc4a278bbf42031ee641f3491e7162952c57b2801097?s=256&#038;d=mm&#038;r=g 2x' class='avatar avatar-128 photo' height='128' width='128' decoding='async'\/>"},"pbg_comment_info":" No Comments","pbg_excerpt":"Contactez nous us, Nous sommes l\u00c0 ! Contactez-nous pour une assistance experte aux tests de langue. T\u00e9l\u00e9phone +1 (613) 416-4510 [&hellip;]","uagb_featured_image_src":{"full":false,"thumbnail":false,"medium":false,"medium_large":false,"large":false,"1536x1536":false,"2048x2048":false,"woocommerce_thumbnail":false,"woocommerce_single":false,"woocommerce_gallery_thumbnail":false},"uagb_author_info":{"display_name":"Karam Medj","author_link":"https:\/\/frenchtestsimulator.com\/beta\/author\/boss2\/"},"uagb_comment_info":0,"uagb_excerpt":"Contactez nous us, Nous sommes l\u00c0 ! Contactez-nous pour une assistance experte aux tests de langue. T\u00e9l\u00e9phone +1 (613) 416-4510 [&hellip;]","pll_sync_post":[],"_links":{"self":[{"href":"https:\/\/frenchtestsimulator.com\/beta\/wp-json\/wp\/v2\/pages\/3868","targetHints":{"allow":["GET"]}}],"collection":[{"href":"https:\/\/frenchtestsimulator.com\/beta\/wp-json\/wp\/v2\/pages"}],"about":[{"href":"https:\/\/frenchtestsimulator.com\/beta\/wp-json\/wp\/v2\/types\/page"}],"author":[{"embeddable":true,"href":"https:\/\/frenchtestsimulator.com\/beta\/wp-json\/wp\/v2\/users\/46"}],"replies":[{"embeddable":true,"href":"https:\/\/frenchtestsimulator.com\/beta\/wp-json\/wp\/v2\/comments?post=3868"}],"version-history":[{"count":0,"href":"https:\/\/frenchtestsimulator.com\/beta\/wp-json\/wp\/v2\/pages\/3868\/revisions"}],"wp:attachment":[{"href":"https:\/\/frenchtestsimulator.com\/beta\/wp-json\/wp\/v2\/media?parent=3868"}],"curies":[{"name":"wp","href":"https:\/\/api.w.org\/{rel}","templated":true}]}}