{"id":6256,"date":"2025-03-30T01:09:15","date_gmt":"2025-03-30T06:09:15","guid":{"rendered":"https:\/\/frenchtestsimulator.com\/beta\/essai-gratuit-simulations-tests-els-copy\/"},"modified":"2026-01-13T01:45:58","modified_gmt":"2026-01-13T06:45:58","slug":"test-de-niveau-gratuit-tcf-canada","status":"publish","type":"page","link":"https:\/\/frenchtestsimulator.com\/beta\/fr\/test-de-niveau-gratuit-tcf-canada\/","title":{"rendered":"Test de niveau gratuit &#8211; TCF Canada"},"content":{"rendered":"\n<h1 class=\"eplus-wrapper wp-block-heading has-text-align-center has-text-color has-link-color wp-elements-e0df42d5fe7736f28d7958745c0ef72b\" id=\"h-test-de-niveau-de-francais-tcf-canada\" style=\"color:#061bb0\">Test de niveau de fran\u00e7ais \u2013 TCF Canada<\/h1>\n\n\n\n<div class=\"wp-block-uagb-info-box uagb-block-82dad21f uagb-infobox__content-wrap  uagb-infobox-icon-above-title uagb-infobox-image-valign-top\"><div class=\"uagb-ifb-content\"><div class=\"uagb-ifb-icon-wrap\"><div class=\"uagb-iconbox-icon-wrap uagb-infobox-shape-circle\"><svg xmlns=\"https:\/\/www.w3.org\/2000\/svg\" viewBox=\"0 0 512 512\"><path d=\"M0 256C0 114.6 114.6 0 256 0C397.4 0 512 114.6 512 256C512 397.4 397.4 512 256 512C114.6 512 0 397.4 0 256zM371.8 211.8C382.7 200.9 382.7 183.1 371.8 172.2C360.9 161.3 343.1 161.3 332.2 172.2L224 280.4L179.8 236.2C168.9 225.3 151.1 225.3 140.2 236.2C129.3 247.1 129.3 264.9 140.2 275.8L204.2 339.8C215.1 350.7 232.9 350.7 243.8 339.8L371.8 211.8z\"><\/path><\/svg><\/div><\/div><div class=\"uagb-ifb-title-wrap\"><h2 class=\"uagb-ifb-title\"><strong>Le <strong>test TCF Canada gratuit<\/strong> vous permet de :<\/strong><br>\u2714\ufe0f situer votre niveau actuel en fran\u00e7ais selon l\u2019\u00e9chelle du TCF Canada<br>\u2714\ufe0f obtenir une estimation globale de vos comp\u00e9tences linguistiques<br>\u2714\ufe0f vous familiariser avec le format g\u00e9n\u00e9ral des \u00e9preuves du TCF Canada<br>\u2714\ufe0f d\u00e9couvrir la plateforme avant d\u2019entamer une pr\u00e9paration compl\u00e8te<\/h2><\/div><\/div><\/div>\n\n\n\n<p class=\" eplus-wrapper\"><\/p>\n\n\n\n<h3 class=\"wp-block-heading has-text-align-center has-black-color has-text-color has-link-color eplus-wrapper wp-elements-218ff74424cfb6bb3e3540adc99225a6\" id=\"h-ce-test-de-niveau-gratuit-propose-une-evaluation-indicative-de-votre-niveau-de-francais-inspiree-des-competences-evaluees-dans-le-tcf-canada-test-officiel-reconnu-pour-les-demarches-d-immigration-et-de-residence-permanente-au-canada-en-quelques-etapes-vous-obtenez-une-estimation-globale-de-votre-niveau-concue-pour-vous-situer-et-vous-familiariser-avec-le-format-general-des-epreuves-avant-de-passer-une-simulation-complete-ou-une-preparation-ciblee-re-niveau-de-francais-basee-sur-les-competences-evaluees-dans-le-tcf-canada\">Ce test de niveau gratuit propose une <strong>\u00e9valuation indicative<\/strong> de votre niveau de fran\u00e7ais, <strong>inspir\u00e9e des comp\u00e9tences \u00e9valu\u00e9es dans le TCF Canada<\/strong>, test officiel reconnu pour les d\u00e9marches d\u2019immigration et de r\u00e9sidence permanente au Canada.<br>En quelques \u00e9tapes, vous obtenez <strong>une estimation globale de votre niveau<\/strong>, con\u00e7ue pour <strong>vous situer et vous familiariser avec le format g\u00e9n\u00e9ral des \u00e9preuves<\/strong>, avant de passer une simulation compl\u00e8te ou une pr\u00e9paration cibl\u00e9e.re niveau de fran\u00e7ais, bas\u00e9e sur les comp\u00e9tences \u00e9valu\u00e9es dans le TCF Canada.<\/h3>\n\n\n\n<div class=\"wp-block-premium-container premium-container-1ea54ed27b4b  alignfull premium-is-root-container\"><div class=\"premium-container-inner-blocks-wrap\">\n<div class=\"wp-block-uagb-inline-notice uagb-inline_notice__align-center uagb-block-faff0881\"><button class=\"uagb-notice-close-button\" type=\"button\" aria-label=\"Close\"><\/button><h3 class=\"uagb-notice-title\">Comp\u00e9tences prises en compte dans le test de niveau<\/h3><div class=\"uagb-notice-text\">\n<p class=\" has-medium-font-size eplus-wrapper\"><strong><strong><strong>Expression Orale<\/strong><\/strong><\/strong> \u2714\ufe0f<br><strong><strong>Expression \u00c9crite<\/strong><\/strong> \u2714\ufe0f<\/p>\n\n\n\n<p class=\" has-medium-font-size eplus-wrapper\"><strong><strong><strong><strong>Compr\u00e9hension<\/strong><\/strong> \u00c9crite<\/strong><\/strong> \u2714\ufe0f<br><strong><strong><strong><strong>Compr\u00e9hension Orale<\/strong><\/strong><\/strong><\/strong> \u2714\ufe0f<\/p>\n\n\n\n<p class=\" eplus-wrapper\"><em>\u00c9valuation indicative, con\u00e7ue pour vous situer avant une pr\u00e9paration compl\u00e8te au TCF Canada.<\/em><\/p>\n<\/div><\/div>\n\n\n\n<div class=\"wp-block-uagb-buttons uagb-buttons__outer-wrap uagb-btn__default-btn uagb-btn-tablet__default-btn uagb-btn-mobile__default-btn uagb-block-00a8aa4b\"><div class=\"uagb-buttons__wrap uagb-buttons-layout-wrap \">\n<div class=\"wp-block-uagb-buttons-child uagb-buttons__outer-wrap uagb-block-0f70cb1b wp-block-button\"><div class=\"uagb-button__wrapper\"><a class=\"uagb-buttons-repeater wp-block-button__link\" aria-label=\"\" href=\"https:\/\/frenchtestsimulator.com\/beta\/fr\/product\/essai-gratuit-test-tcf-canada\/\" rel=\"follow noopener\" target=\"_blank\" role=\"button\"><div class=\"uagb-button__link\">Je commence l&#8217;\u00e9valuation  gratuite <\/div><span class=\"uagb-button__icon uagb-button__icon-position-after\"><svg xmlns=\"https:\/\/www.w3.org\/2000\/svg\" viewBox=\"0 0 512 512\" aria-hidden=\"true\" focussable=\"false\"><path d=\"M502.6 278.6l-128 128c-12.51 12.51-32.76 12.49-45.25 0c-12.5-12.5-12.5-32.75 0-45.25L402.8 288H32C14.31 288 0 273.7 0 255.1S14.31 224 32 224h370.8l-73.38-73.38c-12.5-12.5-12.5-32.75 0-45.25s32.75-12.5 45.25 0l128 128C515.1 245.9 515.1 266.1 502.6 278.6z\"><\/path><\/svg><\/span><\/a><\/div><\/div>\n<\/div><\/div>\n\n\n\n<p class=\" has-text-align-center eplus-wrapper\"><em>Aucun paiement requis. Aucun abonnement automatique.<\/em><br>Test de niveau gratuit \u2013 sans engagement<\/p>\n\n\n\n<p class=\" has-medium-font-size eplus-wrapper\">\ud83d\udfe2 \u279c <a href=\"https:\/\/frenchtestsimulator.com\/beta\/fr\/preparation-tcf\/\">D\u00e9couvrir les parcours de pr\u00e9paration au <strong>TCF<\/strong><\/a><\/p>\n<\/div><\/div>\n\n\n\n<p class=\" eplus-wrapper\"><\/p>\n\n\n\n<p class=\" eplus-wrapper\"><\/p>\n","protected":false},"excerpt":{"rendered":"<p>Test de niveau de fran\u00e7ais \u2013 TCF Canada Ce test de niveau gratuit propose une \u00e9valuation indicative de votre niveau [&hellip;]<\/p>\n","protected":false},"author":19,"featured_media":4990,"parent":0,"menu_order":0,"comment_status":"closed","ping_status":"closed","template":"","meta":{"_acf_changed":false,"_yoast_wpseo_focuskw":"Test de niveau TCF Canada","_yoast_wpseo_metadesc":"Test de niveau TCF Canada gratuit pour estimer votre niveau de fran\u00e7ais. \u00c9valuation indicative pour vous situer avant une pr\u00e9paration compl\u00e8te.","_uag_custom_page_level_css":"","editor_plus_copied_stylings":"{}","_yoast_wpseo_focuskw_synonyms":"","site-sidebar-layout":"default","site-content-layout":"","ast-site-content-layout":"","site-content-style":"default","site-sidebar-style":"default","ast-global-header-display":"","ast-banner-title-visibility":"","ast-main-header-display":"","ast-hfb-above-header-display":"","ast-hfb-below-header-display":"","ast-hfb-mobile-header-display":"","site-post-title":"disabled","ast-breadcrumbs-content":"","ast-featured-img":"disabled","footer-sml-layout":"","ast-disable-related-posts":"","theme-transparent-header-meta":"","adv-header-id-meta":"","stick-header-meta":"","header-above-stick-meta":"","header-main-stick-meta":"","header-below-stick-meta":"","astra-migrate-meta-layouts":"default","ast-page-background-enabled":"default","ast-page-background-meta":{"desktop":{"background-color":"var(--ast-global-color-4)","background-image":"","background-repeat":"repeat","background-position":"center center","background-size":"auto","background-attachment":"scroll","background-type":"","background-media":"","overlay-type":"","overlay-color":"","overlay-opacity":"","overlay-gradient":""},"tablet":{"background-color":"","background-image":"","background-repeat":"repeat","background-position":"center center","background-size":"auto","background-attachment":"scroll","background-type":"","background-media":"","overlay-type":"","overlay-color":"","overlay-opacity":"","overlay-gradient":""},"mobile":{"background-color":"","background-image":"","background-repeat":"repeat","background-position":"center center","background-size":"auto","background-attachment":"scroll","background-type":"","background-media":"","overlay-type":"","overlay-color":"","overlay-opacity":"","overlay-gradient":""}},"ast-content-background-meta":{"desktop":{"background-color":"var(--ast-global-color-5)","background-image":"","background-repeat":"repeat","background-position":"center center","background-size":"auto","background-attachment":"scroll","background-type":"","background-media":"","overlay-type":"","overlay-color":"","overlay-opacity":"","overlay-gradient":""},"tablet":{"background-color":"var(--ast-global-color-5)","background-image":"","background-repeat":"repeat","background-position":"center center","background-size":"auto","background-attachment":"scroll","background-type":"","background-media":"","overlay-type":"","overlay-color":"","overlay-opacity":"","overlay-gradient":""},"mobile":{"background-color":"var(--ast-global-color-5)","background-image":"","background-repeat":"repeat","background-position":"center center","background-size":"auto","background-attachment":"scroll","background-type":"","background-media":"","overlay-type":"","overlay-color":"","overlay-opacity":"","overlay-gradient":""}},"footnotes":""},"class_list":["post-6256","page","type-page","status-publish","has-post-thumbnail","hentry"],"acf":[],"yoast_head":"<!-- This site is optimized with the Yoast SEO Premium plugin v24.0 (Yoast SEO v26.1.1) - https:\/\/yoast.com\/wordpress\/plugins\/seo\/ -->\n<title>Test de niveau TCF Canada gratuit | \u00c9valuez votre niveau de fran\u00e7ais<\/title>\n<meta name=\"description\" content=\"Test de niveau TCF Canada gratuit pour estimer votre niveau de fran\u00e7ais. \u00c9valuation indicative pour vous situer avant une pr\u00e9paration compl\u00e8te.\" \/>\n<meta name=\"robots\" content=\"noindex, follow, max-snippet:-1, max-image-preview:large, max-video-preview:-1\" \/>\n<meta property=\"og:locale\" content=\"fr_FR\" \/>\n<meta property=\"og:type\" content=\"article\" \/>\n<meta property=\"og:title\" content=\"Test de niveau gratuit - TCF Canada\" \/>\n<meta property=\"og:description\" content=\"The French Test Simulator platform provides realistic simulations to help you effectively prepare for the ELS-ELO, TCF, and TEF oral exams. It offers detailed feedback, personalized coaching, and flexible preparation to help you achieve your best results.\" \/>\n<meta property=\"og:url\" content=\"https:\/\/frenchtestsimulator.com\/beta\/fr\/test-de-niveau-gratuit-tcf-canada\/\" \/>\n<meta property=\"og:site_name\" content=\"FTS BETA\" \/>\n<meta property=\"article:publisher\" content=\"https:\/\/www.facebook.com\/frenchtestsimulator\" \/>\n<meta property=\"article:modified_time\" content=\"2026-01-13T06:45:58+00:00\" \/>\n<meta property=\"og:image\" content=\"https:\/\/frenchtestsimulator.com\/beta\/wp-content\/uploads\/2025\/03\/Copie-de-Copie-de-Images-pour-Free-Trial-6_custom_67d3d85f9d37e.png\" \/>\n\t<meta property=\"og:image:width\" content=\"1080\" \/>\n\t<meta property=\"og:image:height\" content=\"1080\" \/>\n\t<meta property=\"og:image:type\" content=\"image\/png\" \/>\n<meta name=\"twitter:card\" content=\"summary_large_image\" \/>\n<meta name=\"twitter:label1\" content=\"Dur\u00e9e de lecture estim\u00e9e\" \/>\n\t<meta name=\"twitter:data1\" content=\"2 minutes\" \/>\n<script type=\"application\/ld+json\" class=\"yoast-schema-graph\">{\"@context\":\"https:\/\/schema.org\",\"@graph\":[{\"@type\":\"WebPage\",\"@id\":\"https:\/\/frenchtestsimulator.com\/beta\/fr\/test-de-niveau-gratuit-tcf-canada\/\",\"url\":\"https:\/\/frenchtestsimulator.com\/beta\/fr\/test-de-niveau-gratuit-tcf-canada\/\",\"name\":\"Test de niveau TCF Canada gratuit | \u00c9valuez votre niveau de fran\u00e7ais\",\"isPartOf\":{\"@id\":\"https:\/\/frenchtestsimulator.com\/beta\/#website\"},\"primaryImageOfPage\":{\"@id\":\"https:\/\/frenchtestsimulator.com\/beta\/fr\/test-de-niveau-gratuit-tcf-canada\/#primaryimage\"},\"image\":{\"@id\":\"https:\/\/frenchtestsimulator.com\/beta\/fr\/test-de-niveau-gratuit-tcf-canada\/#primaryimage\"},\"thumbnailUrl\":\"https:\/\/frenchtestsimulator.com\/beta\/wp-content\/uploads\/2025\/03\/Copie-de-Copie-de-Images-pour-Free-Trial-6_custom_67d3d85f9d37e.png\",\"datePublished\":\"2025-03-30T06:09:15+00:00\",\"dateModified\":\"2026-01-13T06:45:58+00:00\",\"description\":\"Test de niveau TCF Canada gratuit pour estimer votre niveau de fran\u00e7ais. \u00c9valuation indicative pour vous situer avant une pr\u00e9paration compl\u00e8te.\",\"breadcrumb\":{\"@id\":\"https:\/\/frenchtestsimulator.com\/beta\/fr\/test-de-niveau-gratuit-tcf-canada\/#breadcrumb\"},\"inLanguage\":\"fr-FR\",\"potentialAction\":[{\"@type\":\"ReadAction\",\"target\":[\"https:\/\/frenchtestsimulator.com\/beta\/fr\/test-de-niveau-gratuit-tcf-canada\/\"]}]},{\"@type\":\"ImageObject\",\"inLanguage\":\"fr-FR\",\"@id\":\"https:\/\/frenchtestsimulator.com\/beta\/fr\/test-de-niveau-gratuit-tcf-canada\/#primaryimage\",\"url\":\"https:\/\/frenchtestsimulator.com\/beta\/wp-content\/uploads\/2025\/03\/Copie-de-Copie-de-Images-pour-Free-Trial-6_custom_67d3d85f9d37e.png\",\"contentUrl\":\"https:\/\/frenchtestsimulator.com\/beta\/wp-content\/uploads\/2025\/03\/Copie-de-Copie-de-Images-pour-Free-Trial-6_custom_67d3d85f9d37e.png\",\"width\":1080,\"height\":1080},{\"@type\":\"BreadcrumbList\",\"@id\":\"https:\/\/frenchtestsimulator.com\/beta\/fr\/test-de-niveau-gratuit-tcf-canada\/#breadcrumb\",\"itemListElement\":[{\"@type\":\"ListItem\",\"position\":1,\"name\":\"Home\",\"item\":\"https:\/\/frenchtestsimulator.com\/beta\/\"},{\"@type\":\"ListItem\",\"position\":2,\"name\":\"Test de niveau gratuit &#8211; TCF Canada\"}]},{\"@type\":\"WebSite\",\"@id\":\"https:\/\/frenchtestsimulator.com\/beta\/#website\",\"url\":\"https:\/\/frenchtestsimulator.com\/beta\/\",\"name\":\"French Test Simulator\",\"description\":\"AI &amp; Best teachers to simulate TCF , TEF , ELS-ELO\",\"publisher\":{\"@id\":\"https:\/\/frenchtestsimulator.com\/beta\/#organization\"},\"alternateName\":\"French language Tests Simulator\",\"potentialAction\":[{\"@type\":\"SearchAction\",\"target\":{\"@type\":\"EntryPoint\",\"urlTemplate\":\"https:\/\/frenchtestsimulator.com\/beta\/?s={search_term_string}\"},\"query-input\":{\"@type\":\"PropertyValueSpecification\",\"valueRequired\":true,\"valueName\":\"search_term_string\"}}],\"inLanguage\":\"fr-FR\"},{\"@type\":\"Organization\",\"@id\":\"https:\/\/frenchtestsimulator.com\/beta\/#organization\",\"name\":\"French Test Simulator\",\"alternateName\":\"FTS\",\"url\":\"https:\/\/frenchtestsimulator.com\/beta\/\",\"logo\":{\"@type\":\"ImageObject\",\"inLanguage\":\"fr-FR\",\"@id\":\"https:\/\/frenchtestsimulator.com\/beta\/#\/schema\/logo\/image\/\",\"url\":\"https:\/\/frenchtestsimulator.com\/beta\/wp-content\/uploads\/2024\/11\/Selected-Logo-2_custom_67414a646def7.png\",\"contentUrl\":\"https:\/\/frenchtestsimulator.com\/beta\/wp-content\/uploads\/2024\/11\/Selected-Logo-2_custom_67414a646def7.png\",\"width\":250,\"height\":250,\"caption\":\"French Test Simulator\"},\"image\":{\"@id\":\"https:\/\/frenchtestsimulator.com\/beta\/#\/schema\/logo\/image\/\"},\"sameAs\":[\"https:\/\/www.facebook.com\/frenchtestsimulator\",\"https:\/\/www.instagram.com\/frenchtestsimulator\"],\"description\":\"The French Test Simulator platform provides realistic simulations to help you effectively prepare for the ELS-ELO, TCF, and TEF oral exams. It offers detailed feedback, personalized coaching, and flexible preparation to help you achieve your best results.\",\"email\":\"support@frenchtestsimulator.com\",\"telephone\":\"+1 613-791-7378\",\"legalName\":\"Technolanguages Services Inc.\",\"foundingDate\":\"2024-12-01\",\"numberOfEmployees\":{\"@type\":\"QuantitativeValue\",\"minValue\":\"1\",\"maxValue\":\"10\"}}]}<\/script>\n<!-- \/ Yoast SEO Premium plugin. -->","yoast_head_json":{"title":"Test de niveau TCF Canada gratuit | \u00c9valuez votre niveau de fran\u00e7ais","description":"Test de niveau TCF Canada gratuit pour estimer votre niveau de fran\u00e7ais. \u00c9valuation indicative pour vous situer avant une pr\u00e9paration compl\u00e8te.","robots":{"index":"noindex","follow":"follow","max-snippet":"max-snippet:-1","max-image-preview":"max-image-preview:large","max-video-preview":"max-video-preview:-1"},"og_locale":"fr_FR","og_type":"article","og_title":"Test de niveau gratuit - TCF Canada","og_description":"The French Test Simulator platform provides realistic simulations to help you effectively prepare for the ELS-ELO, TCF, and TEF oral exams. It offers detailed feedback, personalized coaching, and flexible preparation to help you achieve your best results.","og_url":"https:\/\/frenchtestsimulator.com\/beta\/fr\/test-de-niveau-gratuit-tcf-canada\/","og_site_name":"FTS BETA","article_publisher":"https:\/\/www.facebook.com\/frenchtestsimulator","article_modified_time":"2026-01-13T06:45:58+00:00","og_image":[{"width":1080,"height":1080,"url":"https:\/\/frenchtestsimulator.com\/beta\/wp-content\/uploads\/2025\/03\/Copie-de-Copie-de-Images-pour-Free-Trial-6_custom_67d3d85f9d37e.png","type":"image\/png"}],"twitter_card":"summary_large_image","twitter_misc":{"Dur\u00e9e de lecture estim\u00e9e":"2 minutes"},"schema":{"@context":"https:\/\/schema.org","@graph":[{"@type":"WebPage","@id":"https:\/\/frenchtestsimulator.com\/beta\/fr\/test-de-niveau-gratuit-tcf-canada\/","url":"https:\/\/frenchtestsimulator.com\/beta\/fr\/test-de-niveau-gratuit-tcf-canada\/","name":"Test de niveau TCF Canada gratuit | \u00c9valuez votre niveau de fran\u00e7ais","isPartOf":{"@id":"https:\/\/frenchtestsimulator.com\/beta\/#website"},"primaryImageOfPage":{"@id":"https:\/\/frenchtestsimulator.com\/beta\/fr\/test-de-niveau-gratuit-tcf-canada\/#primaryimage"},"image":{"@id":"https:\/\/frenchtestsimulator.com\/beta\/fr\/test-de-niveau-gratuit-tcf-canada\/#primaryimage"},"thumbnailUrl":"https:\/\/frenchtestsimulator.com\/beta\/wp-content\/uploads\/2025\/03\/Copie-de-Copie-de-Images-pour-Free-Trial-6_custom_67d3d85f9d37e.png","datePublished":"2025-03-30T06:09:15+00:00","dateModified":"2026-01-13T06:45:58+00:00","description":"Test de niveau TCF Canada gratuit pour estimer votre niveau de fran\u00e7ais. \u00c9valuation indicative pour vous situer avant une pr\u00e9paration compl\u00e8te.","breadcrumb":{"@id":"https:\/\/frenchtestsimulator.com\/beta\/fr\/test-de-niveau-gratuit-tcf-canada\/#breadcrumb"},"inLanguage":"fr-FR","potentialAction":[{"@type":"ReadAction","target":["https:\/\/frenchtestsimulator.com\/beta\/fr\/test-de-niveau-gratuit-tcf-canada\/"]}]},{"@type":"ImageObject","inLanguage":"fr-FR","@id":"https:\/\/frenchtestsimulator.com\/beta\/fr\/test-de-niveau-gratuit-tcf-canada\/#primaryimage","url":"https:\/\/frenchtestsimulator.com\/beta\/wp-content\/uploads\/2025\/03\/Copie-de-Copie-de-Images-pour-Free-Trial-6_custom_67d3d85f9d37e.png","contentUrl":"https:\/\/frenchtestsimulator.com\/beta\/wp-content\/uploads\/2025\/03\/Copie-de-Copie-de-Images-pour-Free-Trial-6_custom_67d3d85f9d37e.png","width":1080,"height":1080},{"@type":"BreadcrumbList","@id":"https:\/\/frenchtestsimulator.com\/beta\/fr\/test-de-niveau-gratuit-tcf-canada\/#breadcrumb","itemListElement":[{"@type":"ListItem","position":1,"name":"Home","item":"https:\/\/frenchtestsimulator.com\/beta\/"},{"@type":"ListItem","position":2,"name":"Test de niveau gratuit &#8211; TCF Canada"}]},{"@type":"WebSite","@id":"https:\/\/frenchtestsimulator.com\/beta\/#website","url":"https:\/\/frenchtestsimulator.com\/beta\/","name":"French Test Simulator","description":"AI &amp; Best teachers to simulate TCF , TEF , ELS-ELO","publisher":{"@id":"https:\/\/frenchtestsimulator.com\/beta\/#organization"},"alternateName":"French language Tests Simulator","potentialAction":[{"@type":"SearchAction","target":{"@type":"EntryPoint","urlTemplate":"https:\/\/frenchtestsimulator.com\/beta\/?s={search_term_string}"},"query-input":{"@type":"PropertyValueSpecification","valueRequired":true,"valueName":"search_term_string"}}],"inLanguage":"fr-FR"},{"@type":"Organization","@id":"https:\/\/frenchtestsimulator.com\/beta\/#organization","name":"French Test Simulator","alternateName":"FTS","url":"https:\/\/frenchtestsimulator.com\/beta\/","logo":{"@type":"ImageObject","inLanguage":"fr-FR","@id":"https:\/\/frenchtestsimulator.com\/beta\/#\/schema\/logo\/image\/","url":"https:\/\/frenchtestsimulator.com\/beta\/wp-content\/uploads\/2024\/11\/Selected-Logo-2_custom_67414a646def7.png","contentUrl":"https:\/\/frenchtestsimulator.com\/beta\/wp-content\/uploads\/2024\/11\/Selected-Logo-2_custom_67414a646def7.png","width":250,"height":250,"caption":"French Test Simulator"},"image":{"@id":"https:\/\/frenchtestsimulator.com\/beta\/#\/schema\/logo\/image\/"},"sameAs":["https:\/\/www.facebook.com\/frenchtestsimulator","https:\/\/www.instagram.com\/frenchtestsimulator"],"description":"The French Test Simulator platform provides realistic simulations to help you effectively prepare for the ELS-ELO, TCF, and TEF oral exams. It offers detailed feedback, personalized coaching, and flexible preparation to help you achieve your best results.","email":"support@frenchtestsimulator.com","telephone":"+1 613-791-7378","legalName":"Technolanguages Services Inc.","foundingDate":"2024-12-01","numberOfEmployees":{"@type":"QuantitativeValue","minValue":"1","maxValue":"10"}}]}},"lang":"fr","translations":{"fr":6256,"en":6585},"pbg_featured_image_src":{"full":["https:\/\/frenchtestsimulator.com\/beta\/wp-content\/uploads\/2025\/03\/Copie-de-Copie-de-Images-pour-Free-Trial-6_custom_67d3d85f9d37e.png",1080,1080,false],"thumbnail":["https:\/\/frenchtestsimulator.com\/beta\/wp-content\/uploads\/2025\/03\/Copie-de-Copie-de-Images-pour-Free-Trial-6_custom_67d3d85f9d37e-150x150.png",150,150,true],"medium":["https:\/\/frenchtestsimulator.com\/beta\/wp-content\/uploads\/2025\/03\/Copie-de-Copie-de-Images-pour-Free-Trial-6_custom_67d3d85f9d37e-300x300.png",300,300,true],"medium_large":["https:\/\/frenchtestsimulator.com\/beta\/wp-content\/uploads\/2025\/03\/Copie-de-Copie-de-Images-pour-Free-Trial-6_custom_67d3d85f9d37e-768x768.png",768,768,true],"large":["https:\/\/frenchtestsimulator.com\/beta\/wp-content\/uploads\/2025\/03\/Copie-de-Copie-de-Images-pour-Free-Trial-6_custom_67d3d85f9d37e-1024x1024.png",1024,1024,true],"1536x1536":["https:\/\/frenchtestsimulator.com\/beta\/wp-content\/uploads\/2025\/03\/Copie-de-Copie-de-Images-pour-Free-Trial-6_custom_67d3d85f9d37e.png",1080,1080,false],"2048x2048":["https:\/\/frenchtestsimulator.com\/beta\/wp-content\/uploads\/2025\/03\/Copie-de-Copie-de-Images-pour-Free-Trial-6_custom_67d3d85f9d37e.png",1080,1080,false],"woocommerce_thumbnail":["https:\/\/frenchtestsimulator.com\/beta\/wp-content\/uploads\/2025\/03\/Copie-de-Copie-de-Images-pour-Free-Trial-6_custom_67d3d85f9d37e-300x300.png",300,300,true],"woocommerce_single":["https:\/\/frenchtestsimulator.com\/beta\/wp-content\/uploads\/2025\/03\/Copie-de-Copie-de-Images-pour-Free-Trial-6_custom_67d3d85f9d37e-600x600.png",600,600,true],"woocommerce_gallery_thumbnail":["https:\/\/frenchtestsimulator.com\/beta\/wp-content\/uploads\/2025\/03\/Copie-de-Copie-de-Images-pour-Free-Trial-6_custom_67d3d85f9d37e-100x100.png",100,100,true]},"pbg_author_info":{"display_name":"\u00c9quipe OralTestSimulator","author_link":"https:\/\/frenchtestsimulator.com\/beta\/author\/proprio\/","author_img":"<img alt='\u00c9quipe OralTestSimulator' src='https:\/\/secure.gravatar.com\/avatar\/4517c02cf0891a152cb1c6ca32675ad337e582bc23c96ae96b5563be54326f15?s=128&#038;d=mm&#038;r=g' srcset='https:\/\/secure.gravatar.com\/avatar\/4517c02cf0891a152cb1c6ca32675ad337e582bc23c96ae96b5563be54326f15?s=256&#038;d=mm&#038;r=g 2x' class='avatar avatar-128 photo' height='128' width='128' decoding='async'\/>"},"pbg_comment_info":" No Comments","pbg_excerpt":"Test de niveau de fran\u00e7ais \u2013 TCF Canada Ce test de niveau gratuit propose une \u00e9valuation indicative de votre niveau [&hellip;]","uagb_featured_image_src":{"full":["https:\/\/frenchtestsimulator.com\/beta\/wp-content\/uploads\/2025\/03\/Copie-de-Copie-de-Images-pour-Free-Trial-6_custom_67d3d85f9d37e.png",1080,1080,false],"thumbnail":["https:\/\/frenchtestsimulator.com\/beta\/wp-content\/uploads\/2025\/03\/Copie-de-Copie-de-Images-pour-Free-Trial-6_custom_67d3d85f9d37e-150x150.png",150,150,true],"medium":["https:\/\/frenchtestsimulator.com\/beta\/wp-content\/uploads\/2025\/03\/Copie-de-Copie-de-Images-pour-Free-Trial-6_custom_67d3d85f9d37e-300x300.png",300,300,true],"medium_large":["https:\/\/frenchtestsimulator.com\/beta\/wp-content\/uploads\/2025\/03\/Copie-de-Copie-de-Images-pour-Free-Trial-6_custom_67d3d85f9d37e-768x768.png",768,768,true],"large":["https:\/\/frenchtestsimulator.com\/beta\/wp-content\/uploads\/2025\/03\/Copie-de-Copie-de-Images-pour-Free-Trial-6_custom_67d3d85f9d37e-1024x1024.png",1024,1024,true],"1536x1536":["https:\/\/frenchtestsimulator.com\/beta\/wp-content\/uploads\/2025\/03\/Copie-de-Copie-de-Images-pour-Free-Trial-6_custom_67d3d85f9d37e.png",1080,1080,false],"2048x2048":["https:\/\/frenchtestsimulator.com\/beta\/wp-content\/uploads\/2025\/03\/Copie-de-Copie-de-Images-pour-Free-Trial-6_custom_67d3d85f9d37e.png",1080,1080,false],"woocommerce_thumbnail":["https:\/\/frenchtestsimulator.com\/beta\/wp-content\/uploads\/2025\/03\/Copie-de-Copie-de-Images-pour-Free-Trial-6_custom_67d3d85f9d37e-300x300.png",300,300,true],"woocommerce_single":["https:\/\/frenchtestsimulator.com\/beta\/wp-content\/uploads\/2025\/03\/Copie-de-Copie-de-Images-pour-Free-Trial-6_custom_67d3d85f9d37e-600x600.png",600,600,true],"woocommerce_gallery_thumbnail":["https:\/\/frenchtestsimulator.com\/beta\/wp-content\/uploads\/2025\/03\/Copie-de-Copie-de-Images-pour-Free-Trial-6_custom_67d3d85f9d37e-100x100.png",100,100,true]},"uagb_author_info":{"display_name":"\u00c9quipe OralTestSimulator","author_link":"https:\/\/frenchtestsimulator.com\/beta\/author\/proprio\/"},"uagb_comment_info":0,"uagb_excerpt":"Test de niveau de fran\u00e7ais \u2013 TCF Canada Ce test de niveau gratuit propose une \u00e9valuation indicative de votre niveau [&hellip;]","pll_sync_post":[],"_links":{"self":[{"href":"https:\/\/frenchtestsimulator.com\/beta\/wp-json\/wp\/v2\/pages\/6256","targetHints":{"allow":["GET"]}}],"collection":[{"href":"https:\/\/frenchtestsimulator.com\/beta\/wp-json\/wp\/v2\/pages"}],"about":[{"href":"https:\/\/frenchtestsimulator.com\/beta\/wp-json\/wp\/v2\/types\/page"}],"author":[{"embeddable":true,"href":"https:\/\/frenchtestsimulator.com\/beta\/wp-json\/wp\/v2\/users\/19"}],"replies":[{"embeddable":true,"href":"https:\/\/frenchtestsimulator.com\/beta\/wp-json\/wp\/v2\/comments?post=6256"}],"version-history":[{"count":33,"href":"https:\/\/frenchtestsimulator.com\/beta\/wp-json\/wp\/v2\/pages\/6256\/revisions"}],"predecessor-version":[{"id":11431,"href":"https:\/\/frenchtestsimulator.com\/beta\/wp-json\/wp\/v2\/pages\/6256\/revisions\/11431"}],"wp:featuredmedia":[{"embeddable":true,"href":"https:\/\/frenchtestsimulator.com\/beta\/wp-json\/wp\/v2\/media\/4990"}],"wp:attachment":[{"href":"https:\/\/frenchtestsimulator.com\/beta\/wp-json\/wp\/v2\/media?parent=6256"}],"curies":[{"name":"wp","href":"https:\/\/api.w.org\/{rel}","templated":true}]}}