{"id":7069,"date":"2025-04-23T01:06:51","date_gmt":"2025-04-23T06:06:51","guid":{"rendered":"https:\/\/frenchtestsimulator.com\/beta\/?page_id=7069"},"modified":"2025-04-23T01:25:52","modified_gmt":"2025-04-23T06:25:52","slug":"supports-authentiques-thematiques-sur-mesure","status":"publish","type":"page","link":"https:\/\/frenchtestsimulator.com\/beta\/fr\/supports-authentiques-thematiques-sur-mesure\/","title":{"rendered":"Supports authentiques th\u00e9matiques sur mesure (PDF, Image, etc.)"},"content":{"rendered":"\n<h1 class=\"wp-block-heading has-text-align-center has-text-color has-link-color eplus-wrapper wp-elements-c31c2c04d715736f5e4a9bdc569eebb9\" id=\"h-exemple-de-supports-authentiques-thematiques-telechargeables-pdf-image-etc\" style=\"color:#061bb0\">Exemple de <strong>Supports authentiques th\u00e9matiques<\/strong> t\u00e9l\u00e9chargeables (PDF, image, etc.)<\/h1>\n\n\n\n<div class=\"wp-block-uagb-container timer2 uagb-block-1f8b803e alignfull uagb-is-root-container\"><div class=\"uagb-container-inner-blocks-wrap\">\n<div style=\"position: relative; width: 100%; height: 0; padding-top: 83.8298%;\n padding-bottom: 0; box-shadow: 0 2px 8px 0 rgba(63,69,81,0.16); margin-top: 1.6em; margin-bottom: 0.9em; overflow: hidden;\n border-radius: 8px; will-change: transform;\">\n  <iframe loading=\"lazy\" style=\"position: absolute; width: 100%; height: 100%; top: 0; left: 0; border: none; padding: 0;margin: 0;\"\n    src=\"https:\/\/www.canva.com\/design\/DAGlbseMJdk\/rOQ-NVIktkjXvLJ_MoYBcQ\/view?embed\" allowfullscreen=\"allowfullscreen\" allow=\"fullscreen\">\n  <\/iframe>\n<\/div>\n<a href=\"https:&#x2F;&#x2F;www.canva.com&#x2F;design&#x2F;DAGlbseMJdk&#x2F;rOQ-NVIktkjXvLJ_MoYBcQ&#x2F;view?utm_content=DAGlbseMJdk&amp;utm_campaign=designshare&amp;utm_medium=embeds&amp;utm_source=link\" target=\"_blank\" rel=\"noopener\">Supports authentiques th\u00e9matiques sur mesure<\/a> By Technolanguages Services INC Team\n<\/div><\/div>\n","protected":false},"excerpt":{"rendered":"<p>Exemple de Supports authentiques th\u00e9matiques t\u00e9l\u00e9chargeables (PDF, image, etc.) Supports authentiques th\u00e9matiques sur mesure By Technolanguages Services INC Team<\/p>\n","protected":false},"author":19,"featured_media":0,"parent":0,"menu_order":0,"comment_status":"closed","ping_status":"closed","template":"","meta":{"_acf_changed":false,"_yoast_wpseo_focuskw":"","_yoast_wpseo_metadesc":"","_uag_custom_page_level_css":"","editor_plus_copied_stylings":"{}","_yoast_wpseo_focuskw_synonyms":"","site-sidebar-layout":"default","site-content-layout":"","ast-site-content-layout":"","site-content-style":"default","site-sidebar-style":"default","ast-global-header-display":"","ast-banner-title-visibility":"","ast-main-header-display":"","ast-hfb-above-header-display":"","ast-hfb-below-header-display":"","ast-hfb-mobile-header-display":"","site-post-title":"disabled","ast-breadcrumbs-content":"","ast-featured-img":"","footer-sml-layout":"","ast-disable-related-posts":"","theme-transparent-header-meta":"","adv-header-id-meta":"","stick-header-meta":"","header-above-stick-meta":"","header-main-stick-meta":"","header-below-stick-meta":"","astra-migrate-meta-layouts":"default","ast-page-background-enabled":"default","ast-page-background-meta":{"desktop":{"background-color":"var(--ast-global-color-4)","background-image":"","background-repeat":"repeat","background-position":"center center","background-size":"auto","background-attachment":"scroll","background-type":"","background-media":"","overlay-type":"","overlay-color":"","overlay-opacity":"","overlay-gradient":""},"tablet":{"background-color":"","background-image":"","background-repeat":"repeat","background-position":"center center","background-size":"auto","background-attachment":"scroll","background-type":"","background-media":"","overlay-type":"","overlay-color":"","overlay-opacity":"","overlay-gradient":""},"mobile":{"background-color":"","background-image":"","background-repeat":"repeat","background-position":"center center","background-size":"auto","background-attachment":"scroll","background-type":"","background-media":"","overlay-type":"","overlay-color":"","overlay-opacity":"","overlay-gradient":""}},"ast-content-background-meta":{"desktop":{"background-color":"var(--ast-global-color-5)","background-image":"","background-repeat":"repeat","background-position":"center center","background-size":"auto","background-attachment":"scroll","background-type":"","background-media":"","overlay-type":"","overlay-color":"","overlay-opacity":"","overlay-gradient":""},"tablet":{"background-color":"var(--ast-global-color-5)","background-image":"","background-repeat":"repeat","background-position":"center center","background-size":"auto","background-attachment":"scroll","background-type":"","background-media":"","overlay-type":"","overlay-color":"","overlay-opacity":"","overlay-gradient":""},"mobile":{"background-color":"var(--ast-global-color-5)","background-image":"","background-repeat":"repeat","background-position":"center center","background-size":"auto","background-attachment":"scroll","background-type":"","background-media":"","overlay-type":"","overlay-color":"","overlay-opacity":"","overlay-gradient":""}},"footnotes":""},"class_list":["post-7069","page","type-page","status-publish","hentry"],"acf":[],"yoast_head":"<!-- This site is optimized with the Yoast SEO Premium plugin v24.0 (Yoast SEO v26.1.1) - https:\/\/yoast.com\/wordpress\/plugins\/seo\/ -->\n<title>Supports authentiques th\u00e9matiques sur mesure (PDF, Image, etc.) - FTS BETA<\/title>\n<meta name=\"robots\" content=\"noindex, follow, max-snippet:-1, max-image-preview:large, max-video-preview:-1\" \/>\n<meta property=\"og:locale\" content=\"fr_FR\" \/>\n<meta property=\"og:type\" content=\"article\" \/>\n<meta property=\"og:title\" content=\"Supports authentiques th\u00e9matiques sur mesure (PDF, Image, etc.)\" \/>\n<meta property=\"og:description\" content=\"The French Test Simulator platform provides realistic simulations to help you effectively prepare for the ELS-ELO, TCF, and TEF oral exams. It offers detailed feedback, personalized coaching, and flexible preparation to help you achieve your best results.\" \/>\n<meta property=\"og:url\" content=\"https:\/\/frenchtestsimulator.com\/beta\/fr\/supports-authentiques-thematiques-sur-mesure\/\" \/>\n<meta property=\"og:site_name\" content=\"FTS BETA\" \/>\n<meta property=\"article:publisher\" content=\"https:\/\/www.facebook.com\/frenchtestsimulator\" \/>\n<meta property=\"article:modified_time\" content=\"2025-04-23T06:25:52+00:00\" \/>\n<meta property=\"og:image\" content=\"https:\/\/frenchtestsimulator.com\/beta\/wp-content\/uploads\/2024\/10\/Drapeau-canadien_custom_670df36ab4b1b.png\" \/>\n\t<meta property=\"og:image:width\" content=\"1031\" \/>\n\t<meta property=\"og:image:height\" content=\"768\" \/>\n\t<meta property=\"og:image:type\" content=\"image\/png\" \/>\n<meta name=\"twitter:card\" content=\"summary_large_image\" \/>\n<meta name=\"twitter:label1\" content=\"Dur\u00e9e de lecture estim\u00e9e\" \/>\n\t<meta name=\"twitter:data1\" content=\"1 minute\" \/>\n<script type=\"application\/ld+json\" class=\"yoast-schema-graph\">{\"@context\":\"https:\/\/schema.org\",\"@graph\":[{\"@type\":\"WebPage\",\"@id\":\"https:\/\/frenchtestsimulator.com\/beta\/fr\/supports-authentiques-thematiques-sur-mesure\/\",\"url\":\"https:\/\/frenchtestsimulator.com\/beta\/fr\/supports-authentiques-thematiques-sur-mesure\/\",\"name\":\"Supports authentiques th\u00e9matiques sur mesure (PDF, Image, etc.) - FTS BETA\",\"isPartOf\":{\"@id\":\"https:\/\/frenchtestsimulator.com\/beta\/#website\"},\"datePublished\":\"2025-04-23T06:06:51+00:00\",\"dateModified\":\"2025-04-23T06:25:52+00:00\",\"breadcrumb\":{\"@id\":\"https:\/\/frenchtestsimulator.com\/beta\/fr\/supports-authentiques-thematiques-sur-mesure\/#breadcrumb\"},\"inLanguage\":\"fr-FR\",\"potentialAction\":[{\"@type\":\"ReadAction\",\"target\":[\"https:\/\/frenchtestsimulator.com\/beta\/fr\/supports-authentiques-thematiques-sur-mesure\/\"]}]},{\"@type\":\"BreadcrumbList\",\"@id\":\"https:\/\/frenchtestsimulator.com\/beta\/fr\/supports-authentiques-thematiques-sur-mesure\/#breadcrumb\",\"itemListElement\":[{\"@type\":\"ListItem\",\"position\":1,\"name\":\"Home\",\"item\":\"https:\/\/frenchtestsimulator.com\/beta\/\"},{\"@type\":\"ListItem\",\"position\":2,\"name\":\"Supports authentiques th\u00e9matiques sur mesure (PDF, Image, etc.)\"}]},{\"@type\":\"WebSite\",\"@id\":\"https:\/\/frenchtestsimulator.com\/beta\/#website\",\"url\":\"https:\/\/frenchtestsimulator.com\/beta\/\",\"name\":\"French Test Simulator\",\"description\":\"AI &amp; Best teachers to simulate TCF , TEF , ELS-ELO\",\"publisher\":{\"@id\":\"https:\/\/frenchtestsimulator.com\/beta\/#organization\"},\"alternateName\":\"French language Tests Simulator\",\"potentialAction\":[{\"@type\":\"SearchAction\",\"target\":{\"@type\":\"EntryPoint\",\"urlTemplate\":\"https:\/\/frenchtestsimulator.com\/beta\/?s={search_term_string}\"},\"query-input\":{\"@type\":\"PropertyValueSpecification\",\"valueRequired\":true,\"valueName\":\"search_term_string\"}}],\"inLanguage\":\"fr-FR\"},{\"@type\":\"Organization\",\"@id\":\"https:\/\/frenchtestsimulator.com\/beta\/#organization\",\"name\":\"French Test Simulator\",\"alternateName\":\"FTS\",\"url\":\"https:\/\/frenchtestsimulator.com\/beta\/\",\"logo\":{\"@type\":\"ImageObject\",\"inLanguage\":\"fr-FR\",\"@id\":\"https:\/\/frenchtestsimulator.com\/beta\/#\/schema\/logo\/image\/\",\"url\":\"https:\/\/frenchtestsimulator.com\/beta\/wp-content\/uploads\/2024\/11\/Selected-Logo-2_custom_67414a646def7.png\",\"contentUrl\":\"https:\/\/frenchtestsimulator.com\/beta\/wp-content\/uploads\/2024\/11\/Selected-Logo-2_custom_67414a646def7.png\",\"width\":250,\"height\":250,\"caption\":\"French Test Simulator\"},\"image\":{\"@id\":\"https:\/\/frenchtestsimulator.com\/beta\/#\/schema\/logo\/image\/\"},\"sameAs\":[\"https:\/\/www.facebook.com\/frenchtestsimulator\",\"https:\/\/www.instagram.com\/frenchtestsimulator\"],\"description\":\"The French Test Simulator platform provides realistic simulations to help you effectively prepare for the ELS-ELO, TCF, and TEF oral exams. It offers detailed feedback, personalized coaching, and flexible preparation to help you achieve your best results.\",\"email\":\"support@frenchtestsimulator.com\",\"telephone\":\"+1 613-791-7378\",\"legalName\":\"Technolanguages Services Inc.\",\"foundingDate\":\"2024-12-01\",\"numberOfEmployees\":{\"@type\":\"QuantitativeValue\",\"minValue\":\"1\",\"maxValue\":\"10\"}}]}<\/script>\n<!-- \/ Yoast SEO Premium plugin. -->","yoast_head_json":{"title":"Supports authentiques th\u00e9matiques sur mesure (PDF, Image, etc.) - FTS BETA","robots":{"index":"noindex","follow":"follow","max-snippet":"max-snippet:-1","max-image-preview":"max-image-preview:large","max-video-preview":"max-video-preview:-1"},"og_locale":"fr_FR","og_type":"article","og_title":"Supports authentiques th\u00e9matiques sur mesure (PDF, Image, etc.)","og_description":"The French Test Simulator platform provides realistic simulations to help you effectively prepare for the ELS-ELO, TCF, and TEF oral exams. It offers detailed feedback, personalized coaching, and flexible preparation to help you achieve your best results.","og_url":"https:\/\/frenchtestsimulator.com\/beta\/fr\/supports-authentiques-thematiques-sur-mesure\/","og_site_name":"FTS BETA","article_publisher":"https:\/\/www.facebook.com\/frenchtestsimulator","article_modified_time":"2025-04-23T06:25:52+00:00","og_image":[{"width":1031,"height":768,"url":"https:\/\/frenchtestsimulator.com\/beta\/wp-content\/uploads\/2024\/10\/Drapeau-canadien_custom_670df36ab4b1b.png","type":"image\/png"}],"twitter_card":"summary_large_image","twitter_misc":{"Dur\u00e9e de lecture estim\u00e9e":"1 minute"},"schema":{"@context":"https:\/\/schema.org","@graph":[{"@type":"WebPage","@id":"https:\/\/frenchtestsimulator.com\/beta\/fr\/supports-authentiques-thematiques-sur-mesure\/","url":"https:\/\/frenchtestsimulator.com\/beta\/fr\/supports-authentiques-thematiques-sur-mesure\/","name":"Supports authentiques th\u00e9matiques sur mesure (PDF, Image, etc.) - FTS BETA","isPartOf":{"@id":"https:\/\/frenchtestsimulator.com\/beta\/#website"},"datePublished":"2025-04-23T06:06:51+00:00","dateModified":"2025-04-23T06:25:52+00:00","breadcrumb":{"@id":"https:\/\/frenchtestsimulator.com\/beta\/fr\/supports-authentiques-thematiques-sur-mesure\/#breadcrumb"},"inLanguage":"fr-FR","potentialAction":[{"@type":"ReadAction","target":["https:\/\/frenchtestsimulator.com\/beta\/fr\/supports-authentiques-thematiques-sur-mesure\/"]}]},{"@type":"BreadcrumbList","@id":"https:\/\/frenchtestsimulator.com\/beta\/fr\/supports-authentiques-thematiques-sur-mesure\/#breadcrumb","itemListElement":[{"@type":"ListItem","position":1,"name":"Home","item":"https:\/\/frenchtestsimulator.com\/beta\/"},{"@type":"ListItem","position":2,"name":"Supports authentiques th\u00e9matiques sur mesure (PDF, Image, etc.)"}]},{"@type":"WebSite","@id":"https:\/\/frenchtestsimulator.com\/beta\/#website","url":"https:\/\/frenchtestsimulator.com\/beta\/","name":"French Test Simulator","description":"AI &amp; Best teachers to simulate TCF , TEF , ELS-ELO","publisher":{"@id":"https:\/\/frenchtestsimulator.com\/beta\/#organization"},"alternateName":"French language Tests Simulator","potentialAction":[{"@type":"SearchAction","target":{"@type":"EntryPoint","urlTemplate":"https:\/\/frenchtestsimulator.com\/beta\/?s={search_term_string}"},"query-input":{"@type":"PropertyValueSpecification","valueRequired":true,"valueName":"search_term_string"}}],"inLanguage":"fr-FR"},{"@type":"Organization","@id":"https:\/\/frenchtestsimulator.com\/beta\/#organization","name":"French Test Simulator","alternateName":"FTS","url":"https:\/\/frenchtestsimulator.com\/beta\/","logo":{"@type":"ImageObject","inLanguage":"fr-FR","@id":"https:\/\/frenchtestsimulator.com\/beta\/#\/schema\/logo\/image\/","url":"https:\/\/frenchtestsimulator.com\/beta\/wp-content\/uploads\/2024\/11\/Selected-Logo-2_custom_67414a646def7.png","contentUrl":"https:\/\/frenchtestsimulator.com\/beta\/wp-content\/uploads\/2024\/11\/Selected-Logo-2_custom_67414a646def7.png","width":250,"height":250,"caption":"French Test Simulator"},"image":{"@id":"https:\/\/frenchtestsimulator.com\/beta\/#\/schema\/logo\/image\/"},"sameAs":["https:\/\/www.facebook.com\/frenchtestsimulator","https:\/\/www.instagram.com\/frenchtestsimulator"],"description":"The French Test Simulator platform provides realistic simulations to help you effectively prepare for the ELS-ELO, TCF, and TEF oral exams. It offers detailed feedback, personalized coaching, and flexible preparation to help you achieve your best results.","email":"support@frenchtestsimulator.com","telephone":"+1 613-791-7378","legalName":"Technolanguages Services Inc.","foundingDate":"2024-12-01","numberOfEmployees":{"@type":"QuantitativeValue","minValue":"1","maxValue":"10"}}]}},"lang":"fr","translations":{"fr":7069},"pbg_featured_image_src":{"full":false,"thumbnail":false,"medium":false,"medium_large":false,"large":false,"1536x1536":false,"2048x2048":false,"woocommerce_thumbnail":false,"woocommerce_single":false,"woocommerce_gallery_thumbnail":false},"pbg_author_info":{"display_name":"\u00c9quipe OralTestSimulator","author_link":"https:\/\/frenchtestsimulator.com\/beta\/author\/proprio\/","author_img":"<img alt='\u00c9quipe OralTestSimulator' src='https:\/\/secure.gravatar.com\/avatar\/4517c02cf0891a152cb1c6ca32675ad337e582bc23c96ae96b5563be54326f15?s=128&#038;d=mm&#038;r=g' srcset='https:\/\/secure.gravatar.com\/avatar\/4517c02cf0891a152cb1c6ca32675ad337e582bc23c96ae96b5563be54326f15?s=256&#038;d=mm&#038;r=g 2x' class='avatar avatar-128 photo' height='128' width='128' decoding='async'\/>"},"pbg_comment_info":" No Comments","pbg_excerpt":"Exemple de Supports authentiques th\u00e9matiques t\u00e9l\u00e9chargeables (PDF, image, etc.) Supports authentiques th\u00e9matiques sur mesure By Technolanguages Services INC Team","uagb_featured_image_src":{"full":false,"thumbnail":false,"medium":false,"medium_large":false,"large":false,"1536x1536":false,"2048x2048":false,"woocommerce_thumbnail":false,"woocommerce_single":false,"woocommerce_gallery_thumbnail":false},"uagb_author_info":{"display_name":"\u00c9quipe OralTestSimulator","author_link":"https:\/\/frenchtestsimulator.com\/beta\/author\/proprio\/"},"uagb_comment_info":0,"uagb_excerpt":"Exemple de Supports authentiques th\u00e9matiques t\u00e9l\u00e9chargeables (PDF, image, etc.) Supports authentiques th\u00e9matiques sur mesure By Technolanguages Services INC Team","pll_sync_post":[],"_links":{"self":[{"href":"https:\/\/frenchtestsimulator.com\/beta\/wp-json\/wp\/v2\/pages\/7069","targetHints":{"allow":["GET"]}}],"collection":[{"href":"https:\/\/frenchtestsimulator.com\/beta\/wp-json\/wp\/v2\/pages"}],"about":[{"href":"https:\/\/frenchtestsimulator.com\/beta\/wp-json\/wp\/v2\/types\/page"}],"author":[{"embeddable":true,"href":"https:\/\/frenchtestsimulator.com\/beta\/wp-json\/wp\/v2\/users\/19"}],"replies":[{"embeddable":true,"href":"https:\/\/frenchtestsimulator.com\/beta\/wp-json\/wp\/v2\/comments?post=7069"}],"version-history":[{"count":0,"href":"https:\/\/frenchtestsimulator.com\/beta\/wp-json\/wp\/v2\/pages\/7069\/revisions"}],"wp:attachment":[{"href":"https:\/\/frenchtestsimulator.com\/beta\/wp-json\/wp\/v2\/media?parent=7069"}],"curies":[{"name":"wp","href":"https:\/\/api.w.org\/{rel}","templated":true}]}}