{"id":7238,"date":"2025-04-30T23:07:19","date_gmt":"2025-05-01T04:07:19","guid":{"rendered":"https:\/\/frenchtestsimulator.com\/beta\/?page_id=7238"},"modified":"2026-01-10T02:32:30","modified_gmt":"2026-01-10T07:32:30","slug":"simulation-expression-ecrite-tests-officiels-francais","status":"publish","type":"page","link":"https:\/\/frenchtestsimulator.com\/beta\/fr\/simulation-expression-ecrite-tests-officiels-francais\/","title":{"rendered":"D\u00e9couvrir la simulation \u00e9crite"},"content":{"rendered":"\n<h2 class=\"wp-block-heading has-text-align-center has-text-color has-link-color has-large-font-size eplus-wrapper wp-elements-63a4c829ce28a77122c376247161864d\" id=\"h-decouvrir-la-simulation-ecrite\" style=\"color:#0a1db1\">D\u00e9couvrir la simulation \u00e9crite<\/h2>\n\n\n\n<p class=\" has-text-align-center has-medium-font-size eplus-wrapper\"><strong>D\u00e9couvrez, \u00e0 travers cette vid\u00e9o, le fonctionnement de la simulation \u00e9crite et la logique d\u2019entra\u00eenement utilis\u00e9e pour les tests officiels de fran\u00e7ais.<\/strong><\/p>\n\n\n\n<p class=\" has-text-align-center has-medium-font-size eplus-wrapper\"><em>Simulation r\u00e9aliste \u2013 Tests officiels \u2013 Feedback structur\u00e9<\/em><\/p>\n\n\n<figure style=\"padding-top:0;padding-right:0;padding-bottom:0;padding-left:0\" class=\" wp-block-video eplus-wrapper eplus-styles-uid-475ae6\"><video autoplay loop muted preload=\"auto\" src=\"https:\/\/frenchtestsimulator.com\/beta\/wp-content\/uploads\/2025\/12\/Page-Video-pour-site-.mp4\" playsinline><\/video><\/figure>\n\n\n<div class=\"wp-block-uagb-container uagb-block-d81004a1 alignfull uagb-is-root-container\"><div class=\"uagb-container-inner-blocks-wrap\">\n<p class=\"has-text-align-center has-text-color has-link-color has-medium-font-size eplus-wrapper wp-elements-c5a3bdd891ba46b5799c28e5f3979094\" style=\"color:#061bb0\"><strong>Cette simulation \u00e9crite est con\u00e7ue pour pr\u00e9parer efficacement aux tests officiels de fran\u00e7ais tels que le TCF, le TEF et les examens de type ELO. Elle reproduit les conditions r\u00e9elles de l\u2019\u00e9preuve afin de vous aider \u00e0 mieux comprendre les attentes des correcteurs.<\/strong><\/p>\n\n\n\n<p class=\"has-text-align-center has-text-color has-link-color has-medium-font-size eplus-wrapper wp-elements-bb2ac4bdf9e37627f4a5fdcfab9762d7\" style=\"color:#061bb0\"><strong>Gr\u00e2ce \u00e0 cette d\u00e9monstration, vous visualisez le type de consignes propos\u00e9es, le d\u00e9roulement de l\u2019entra\u00eenement et la logique d\u2019\u00e9valuation. Cette \u00e9tape vous permet de d\u00e9cider sereinement si la simulation \u00e9crite correspond \u00e0 vos besoins avant de passer \u00e0 une version compl\u00e8te.<\/strong><\/p>\n\n\n\n<h2 class=\"wp-block-heading has-text-align-center has-text-color has-link-color eplus-wrapper wp-elements-8f5ecac85325994b2b4f4babdf2c999d\" id=\"h-en-savoir-plus-sur-la-simulation-ecrite\" style=\"color:#a0d9b4\">En savoir plus sur la simulation \u00e9crite<\/h2>\n\n\n\n<div class=\"wp-block-premium-accordion premium-accordion premium-accordion-d39415d1c28d\">\n<div class=\"wp-block-premium-accordion-item premium-accordion-item-4f7923f3724c premium-accordion__content_wrap\"><div class=\"premium-accordion__title_wrap premium-accordion__ltr premium-accordion__out\"><div class=\"premium-accordion__title\"><h4 class=\"premium-accordion__title_text\">Qu\u2019est-ce qu\u2019une simulation \u00e9crite en fran\u00e7ais ?<\/h4><\/div><div class=\"premium-accordion__icon_wrap\"><svg class=\"premium-accordion__icon\" role=\"img\" focusable=\"false\" xmlns=\"http:\/\/www.w3.org\/2000\/svg\" viewBox=\"0 0 20 20\"><polygon points=\"16.7,3.3 10,10 3.3,3.4 0,6.7 10,16.7 10,16.6 20,6.7 \"><\/polygon><\/svg><\/div><\/div><div class=\"premium-accordion__desc_wrap\"><p class=\"premium-accordion__desc\">La <strong>simulation \u00e9crite fran\u00e7ais<\/strong> est un outil d\u2019entra\u00eenement qui permet de s\u2019exercer \u00e0 l\u2019expression \u00e9crite dans des conditions proches de l\u2019examen officiel.<br>Elle vise \u00e0 \u00e9valuer la capacit\u00e9 \u00e0 comprendre une consigne, \u00e0 structurer ses id\u00e9es et \u00e0 produire un texte clair, coh\u00e9rent et adapt\u00e9 au niveau attendu.<\/p><\/div><\/div>\n\n\n\n<div class=\"wp-block-premium-accordion-item premium-accordion-item-7a546e673470 premium-accordion__content_wrap\"><div class=\"premium-accordion__title_wrap premium-accordion__ltr premium-accordion__out\"><div class=\"premium-accordion__title\"><h4 class=\"premium-accordion__title_text\">Une simulation \u00e9crite align\u00e9e sur les tests officiels<\/h4><\/div><div class=\"premium-accordion__icon_wrap\"><svg class=\"premium-accordion__icon\" role=\"img\" focusable=\"false\" xmlns=\"http:\/\/www.w3.org\/2000\/svg\" viewBox=\"0 0 20 20\"><polygon points=\"16.7,3.3 10,10 3.3,3.4 0,6.7 10,16.7 10,16.6 20,6.7 \"><\/polygon><\/svg><\/div><\/div><div class=\"premium-accordion__desc_wrap\"><p class=\"premium-accordion__desc\">Cette <strong>simulation \u00e9crite fran\u00e7ais<\/strong> s\u2019appuie sur les formats des principaux tests officiels tels que le TCF, le TEF et les examens ELO.<br>Les types de t\u00e2ches, les consignes et les attentes sont con\u00e7us pour refl\u00e9ter la r\u00e9alit\u00e9 de l\u2019\u00e9preuve \u00e9crite.<\/p><\/div><\/div>\n\n\n\n<div class=\"wp-block-premium-accordion-item premium-accordion-item-e5cd8844d2b6 premium-accordion__content_wrap\"><div class=\"premium-accordion__title_wrap premium-accordion__ltr premium-accordion__out\"><div class=\"premium-accordion__title\"><h4 class=\"premium-accordion__title_text\">Comment fonctionne la simulation \u00e9crite ?<\/h4><\/div><div class=\"premium-accordion__icon_wrap\"><svg class=\"premium-accordion__icon\" role=\"img\" focusable=\"false\" xmlns=\"http:\/\/www.w3.org\/2000\/svg\" viewBox=\"0 0 20 20\"><polygon points=\"16.7,3.3 10,10 3.3,3.4 0,6.7 10,16.7 10,16.6 20,6.7 \"><\/polygon><\/svg><\/div><\/div><div class=\"premium-accordion__desc_wrap\"><p class=\"premium-accordion__desc\">La simulation suit un d\u00e9roulement progressif : lecture de la consigne, r\u00e9daction du texte dans un temps encadr\u00e9, puis analyse p\u00e9dagogique de la production.<br>Cette approche permet d\u2019identifier les points forts et les axes d\u2019am\u00e9lioration en expression \u00e9crite.<\/p><\/div><\/div>\n\n\n\n<div class=\"wp-block-premium-accordion-item premium-accordion-item-6214a0986821 premium-accordion__content_wrap\"><div class=\"premium-accordion__title_wrap premium-accordion__ltr premium-accordion__out\"><div class=\"premium-accordion__title\"><h4 class=\"premium-accordion__title_text\">Pourquoi s\u2019entra\u00eener avec une simulation \u00e9crite ?<\/h4><\/div><div class=\"premium-accordion__icon_wrap\"><svg class=\"premium-accordion__icon\" role=\"img\" focusable=\"false\" xmlns=\"http:\/\/www.w3.org\/2000\/svg\" viewBox=\"0 0 20 20\"><polygon points=\"16.7,3.3 10,10 3.3,3.4 0,6.7 10,16.7 10,16.6 20,6.7 \"><\/polygon><\/svg><\/div><\/div><div class=\"premium-accordion__desc_wrap\"><p class=\"premium-accordion__desc\">S\u2019entra\u00eener avec une <strong>simulation \u00e9crite fran\u00e7ais<\/strong> permet de mieux g\u00e9rer le temps, d\u2019\u00e9viter les erreurs fr\u00e9quentes et de gagner en pr\u00e9cision et en clart\u00e9 \u00e0 l\u2019\u00e9crit.<br>C\u2019est une \u00e9tape essentielle pour aborder l\u2019examen avec confiance.<\/p><\/div><\/div>\n<\/div>\n\n\n\n<div class=\"wp-block-uagb-buttons uagb-buttons__outer-wrap uagb-btn__default-btn uagb-btn-tablet__default-btn uagb-btn-mobile__default-btn uagb-block-404f7296\"><div class=\"uagb-buttons__wrap uagb-buttons-layout-wrap \">\n<div class=\"wp-block-uagb-buttons-child uagb-buttons__outer-wrap uagb-block-4e16a255 wp-block-button\"><div class=\"uagb-button__wrapper\"><a class=\"uagb-buttons-repeater wp-block-button__link\" aria-label=\"\" href=\"https:\/\/frenchtestsimulator.com\/beta\/fr\/accueil\/\" rel=\"follow noopener\" target=\"_self\" role=\"button\"><div class=\"uagb-button__link\">Voir les plans d\u2019entra\u00eenement<\/div><\/a><\/div><\/div>\n<\/div><\/div>\n\n\n\n<p class=\" has-text-align-center has-medium-font-size eplus-wrapper\"><em>Les simulations compl\u00e8tes sont incluses dans les plans d\u2019entra\u00eenement.<\/em><\/p>\n<\/div><\/div>\n","protected":false},"excerpt":{"rendered":"<p>D\u00e9couvrir la simulation \u00e9crite D\u00e9couvrez, \u00e0 travers cette vid\u00e9o, le fonctionnement de la simulation \u00e9crite et la logique d\u2019entra\u00eenement utilis\u00e9e [&hellip;]<\/p>\n","protected":false},"author":250,"featured_media":0,"parent":0,"menu_order":0,"comment_status":"closed","ping_status":"closed","template":"","meta":{"_acf_changed":false,"_yoast_wpseo_focuskw":"simulation expression \u00e9crite tests officiels de fran\u00e7ais","_yoast_wpseo_metadesc":"D\u00e9couvrez la simulation d\u2019expression \u00e9crite des tests officiels de fran\u00e7ais (TCF, TEF, ELO). Vid\u00e9o de d\u00e9monstration et entra\u00eenement r\u00e9aliste.","_uag_custom_page_level_css":"","editor_plus_copied_stylings":"{}","_yoast_wpseo_focuskw_synonyms":"","site-sidebar-layout":"default","site-content-layout":"","ast-site-content-layout":"default","site-content-style":"default","site-sidebar-style":"default","ast-global-header-display":"","ast-banner-title-visibility":"","ast-main-header-display":"","ast-hfb-above-header-display":"","ast-hfb-below-header-display":"","ast-hfb-mobile-header-display":"","site-post-title":"disabled","ast-breadcrumbs-content":"","ast-featured-img":"","footer-sml-layout":"","ast-disable-related-posts":"","theme-transparent-header-meta":"","adv-header-id-meta":"","stick-header-meta":"","header-above-stick-meta":"","header-main-stick-meta":"","header-below-stick-meta":"","astra-migrate-meta-layouts":"default","ast-page-background-enabled":"default","ast-page-background-meta":{"desktop":{"background-color":"var(--ast-global-color-4)","background-image":"","background-repeat":"repeat","background-position":"center center","background-size":"auto","background-attachment":"scroll","background-type":"","background-media":"","overlay-type":"","overlay-color":"","overlay-opacity":"","overlay-gradient":""},"tablet":{"background-color":"","background-image":"","background-repeat":"repeat","background-position":"center center","background-size":"auto","background-attachment":"scroll","background-type":"","background-media":"","overlay-type":"","overlay-color":"","overlay-opacity":"","overlay-gradient":""},"mobile":{"background-color":"","background-image":"","background-repeat":"repeat","background-position":"center center","background-size":"auto","background-attachment":"scroll","background-type":"","background-media":"","overlay-type":"","overlay-color":"","overlay-opacity":"","overlay-gradient":""}},"ast-content-background-meta":{"desktop":{"background-color":"var(--ast-global-color-5)","background-image":"","background-repeat":"repeat","background-position":"center center","background-size":"auto","background-attachment":"scroll","background-type":"","background-media":"","overlay-type":"","overlay-color":"","overlay-opacity":"","overlay-gradient":""},"tablet":{"background-color":"var(--ast-global-color-5)","background-image":"","background-repeat":"repeat","background-position":"center center","background-size":"auto","background-attachment":"scroll","background-type":"","background-media":"","overlay-type":"","overlay-color":"","overlay-opacity":"","overlay-gradient":""},"mobile":{"background-color":"var(--ast-global-color-5)","background-image":"","background-repeat":"repeat","background-position":"center center","background-size":"auto","background-attachment":"scroll","background-type":"","background-media":"","overlay-type":"","overlay-color":"","overlay-opacity":"","overlay-gradient":""}},"footnotes":""},"class_list":["post-7238","page","type-page","status-publish","hentry"],"acf":[],"yoast_head":"<!-- This site is optimized with the Yoast SEO Premium plugin v24.0 (Yoast SEO v26.1.1) - https:\/\/yoast.com\/wordpress\/plugins\/seo\/ -->\n<title>simulation expression \u00e9crite tests officiels de fran\u00e7ais<\/title>\n<meta name=\"description\" content=\"D\u00e9couvrez la simulation d\u2019expression \u00e9crite des tests officiels de fran\u00e7ais (TCF, TEF, ELO). Vid\u00e9o de d\u00e9monstration et entra\u00eenement r\u00e9aliste.\" \/>\n<meta name=\"robots\" content=\"noindex, follow, max-snippet:-1, max-image-preview:large, max-video-preview:-1\" \/>\n<meta property=\"og:locale\" content=\"fr_FR\" \/>\n<meta property=\"og:type\" content=\"article\" \/>\n<meta property=\"og:title\" content=\"D\u00e9couvrir la simulation \u00e9crite\" \/>\n<meta property=\"og:description\" content=\"The French Test Simulator platform provides realistic simulations to help you effectively prepare for the ELS-ELO, TCF, and TEF oral exams. It offers detailed feedback, personalized coaching, and flexible preparation to help you achieve your best results.\" \/>\n<meta property=\"og:url\" content=\"https:\/\/frenchtestsimulator.com\/beta\/fr\/simulation-expression-ecrite-tests-officiels-francais\/\" \/>\n<meta property=\"og:site_name\" content=\"FTS BETA\" \/>\n<meta property=\"article:publisher\" content=\"https:\/\/www.facebook.com\/frenchtestsimulator\" \/>\n<meta property=\"article:modified_time\" content=\"2026-01-10T07:32:30+00:00\" \/>\n<meta property=\"og:image\" content=\"https:\/\/frenchtestsimulator.com\/beta\/wp-content\/uploads\/2024\/10\/Drapeau-canadien_custom_670df36ab4b1b.png\" \/>\n\t<meta property=\"og:image:width\" content=\"1031\" \/>\n\t<meta property=\"og:image:height\" content=\"768\" \/>\n\t<meta property=\"og:image:type\" content=\"image\/png\" \/>\n<meta name=\"twitter:card\" content=\"summary_large_image\" \/>\n<meta name=\"twitter:label1\" content=\"Dur\u00e9e de lecture estim\u00e9e\" \/>\n\t<meta name=\"twitter:data1\" content=\"2 minutes\" \/>\n<script type=\"application\/ld+json\" class=\"yoast-schema-graph\">{\"@context\":\"https:\/\/schema.org\",\"@graph\":[{\"@type\":\"WebPage\",\"@id\":\"https:\/\/frenchtestsimulator.com\/beta\/fr\/simulation-expression-ecrite-tests-officiels-francais\/\",\"url\":\"https:\/\/frenchtestsimulator.com\/beta\/fr\/simulation-expression-ecrite-tests-officiels-francais\/\",\"name\":\"simulation expression \u00e9crite tests officiels de fran\u00e7ais\",\"isPartOf\":{\"@id\":\"https:\/\/frenchtestsimulator.com\/beta\/#website\"},\"datePublished\":\"2025-05-01T04:07:19+00:00\",\"dateModified\":\"2026-01-10T07:32:30+00:00\",\"description\":\"D\u00e9couvrez la simulation d\u2019expression \u00e9crite des tests officiels de fran\u00e7ais (TCF, TEF, ELO). Vid\u00e9o de d\u00e9monstration et entra\u00eenement r\u00e9aliste.\",\"breadcrumb\":{\"@id\":\"https:\/\/frenchtestsimulator.com\/beta\/fr\/simulation-expression-ecrite-tests-officiels-francais\/#breadcrumb\"},\"inLanguage\":\"fr-FR\",\"potentialAction\":[{\"@type\":\"ReadAction\",\"target\":[\"https:\/\/frenchtestsimulator.com\/beta\/fr\/simulation-expression-ecrite-tests-officiels-francais\/\"]}]},{\"@type\":\"BreadcrumbList\",\"@id\":\"https:\/\/frenchtestsimulator.com\/beta\/fr\/simulation-expression-ecrite-tests-officiels-francais\/#breadcrumb\",\"itemListElement\":[{\"@type\":\"ListItem\",\"position\":1,\"name\":\"Home\",\"item\":\"https:\/\/frenchtestsimulator.com\/beta\/\"},{\"@type\":\"ListItem\",\"position\":2,\"name\":\"D\u00e9couvrir la simulation \u00e9crite\"}]},{\"@type\":\"WebSite\",\"@id\":\"https:\/\/frenchtestsimulator.com\/beta\/#website\",\"url\":\"https:\/\/frenchtestsimulator.com\/beta\/\",\"name\":\"French Test Simulator\",\"description\":\"AI &amp; Best teachers to simulate TCF , TEF , ELS-ELO\",\"publisher\":{\"@id\":\"https:\/\/frenchtestsimulator.com\/beta\/#organization\"},\"alternateName\":\"French language Tests Simulator\",\"potentialAction\":[{\"@type\":\"SearchAction\",\"target\":{\"@type\":\"EntryPoint\",\"urlTemplate\":\"https:\/\/frenchtestsimulator.com\/beta\/?s={search_term_string}\"},\"query-input\":{\"@type\":\"PropertyValueSpecification\",\"valueRequired\":true,\"valueName\":\"search_term_string\"}}],\"inLanguage\":\"fr-FR\"},{\"@type\":\"Organization\",\"@id\":\"https:\/\/frenchtestsimulator.com\/beta\/#organization\",\"name\":\"French Test Simulator\",\"alternateName\":\"FTS\",\"url\":\"https:\/\/frenchtestsimulator.com\/beta\/\",\"logo\":{\"@type\":\"ImageObject\",\"inLanguage\":\"fr-FR\",\"@id\":\"https:\/\/frenchtestsimulator.com\/beta\/#\/schema\/logo\/image\/\",\"url\":\"https:\/\/frenchtestsimulator.com\/beta\/wp-content\/uploads\/2024\/11\/Selected-Logo-2_custom_67414a646def7.png\",\"contentUrl\":\"https:\/\/frenchtestsimulator.com\/beta\/wp-content\/uploads\/2024\/11\/Selected-Logo-2_custom_67414a646def7.png\",\"width\":250,\"height\":250,\"caption\":\"French Test Simulator\"},\"image\":{\"@id\":\"https:\/\/frenchtestsimulator.com\/beta\/#\/schema\/logo\/image\/\"},\"sameAs\":[\"https:\/\/www.facebook.com\/frenchtestsimulator\",\"https:\/\/www.instagram.com\/frenchtestsimulator\"],\"description\":\"The French Test Simulator platform provides realistic simulations to help you effectively prepare for the ELS-ELO, TCF, and TEF oral exams. It offers detailed feedback, personalized coaching, and flexible preparation to help you achieve your best results.\",\"email\":\"support@frenchtestsimulator.com\",\"telephone\":\"+1 613-791-7378\",\"legalName\":\"Technolanguages Services Inc.\",\"foundingDate\":\"2024-12-01\",\"numberOfEmployees\":{\"@type\":\"QuantitativeValue\",\"minValue\":\"1\",\"maxValue\":\"10\"}}]}<\/script>\n<!-- \/ Yoast SEO Premium plugin. -->","yoast_head_json":{"title":"simulation expression \u00e9crite tests officiels de fran\u00e7ais","description":"D\u00e9couvrez la simulation d\u2019expression \u00e9crite des tests officiels de fran\u00e7ais (TCF, TEF, ELO). Vid\u00e9o de d\u00e9monstration et entra\u00eenement r\u00e9aliste.","robots":{"index":"noindex","follow":"follow","max-snippet":"max-snippet:-1","max-image-preview":"max-image-preview:large","max-video-preview":"max-video-preview:-1"},"og_locale":"fr_FR","og_type":"article","og_title":"D\u00e9couvrir la simulation \u00e9crite","og_description":"The French Test Simulator platform provides realistic simulations to help you effectively prepare for the ELS-ELO, TCF, and TEF oral exams. It offers detailed feedback, personalized coaching, and flexible preparation to help you achieve your best results.","og_url":"https:\/\/frenchtestsimulator.com\/beta\/fr\/simulation-expression-ecrite-tests-officiels-francais\/","og_site_name":"FTS BETA","article_publisher":"https:\/\/www.facebook.com\/frenchtestsimulator","article_modified_time":"2026-01-10T07:32:30+00:00","og_image":[{"width":1031,"height":768,"url":"https:\/\/frenchtestsimulator.com\/beta\/wp-content\/uploads\/2024\/10\/Drapeau-canadien_custom_670df36ab4b1b.png","type":"image\/png"}],"twitter_card":"summary_large_image","twitter_misc":{"Dur\u00e9e de lecture estim\u00e9e":"2 minutes"},"schema":{"@context":"https:\/\/schema.org","@graph":[{"@type":"WebPage","@id":"https:\/\/frenchtestsimulator.com\/beta\/fr\/simulation-expression-ecrite-tests-officiels-francais\/","url":"https:\/\/frenchtestsimulator.com\/beta\/fr\/simulation-expression-ecrite-tests-officiels-francais\/","name":"simulation expression \u00e9crite tests officiels de fran\u00e7ais","isPartOf":{"@id":"https:\/\/frenchtestsimulator.com\/beta\/#website"},"datePublished":"2025-05-01T04:07:19+00:00","dateModified":"2026-01-10T07:32:30+00:00","description":"D\u00e9couvrez la simulation d\u2019expression \u00e9crite des tests officiels de fran\u00e7ais (TCF, TEF, ELO). Vid\u00e9o de d\u00e9monstration et entra\u00eenement r\u00e9aliste.","breadcrumb":{"@id":"https:\/\/frenchtestsimulator.com\/beta\/fr\/simulation-expression-ecrite-tests-officiels-francais\/#breadcrumb"},"inLanguage":"fr-FR","potentialAction":[{"@type":"ReadAction","target":["https:\/\/frenchtestsimulator.com\/beta\/fr\/simulation-expression-ecrite-tests-officiels-francais\/"]}]},{"@type":"BreadcrumbList","@id":"https:\/\/frenchtestsimulator.com\/beta\/fr\/simulation-expression-ecrite-tests-officiels-francais\/#breadcrumb","itemListElement":[{"@type":"ListItem","position":1,"name":"Home","item":"https:\/\/frenchtestsimulator.com\/beta\/"},{"@type":"ListItem","position":2,"name":"D\u00e9couvrir la simulation \u00e9crite"}]},{"@type":"WebSite","@id":"https:\/\/frenchtestsimulator.com\/beta\/#website","url":"https:\/\/frenchtestsimulator.com\/beta\/","name":"French Test Simulator","description":"AI &amp; Best teachers to simulate TCF , TEF , ELS-ELO","publisher":{"@id":"https:\/\/frenchtestsimulator.com\/beta\/#organization"},"alternateName":"French language Tests Simulator","potentialAction":[{"@type":"SearchAction","target":{"@type":"EntryPoint","urlTemplate":"https:\/\/frenchtestsimulator.com\/beta\/?s={search_term_string}"},"query-input":{"@type":"PropertyValueSpecification","valueRequired":true,"valueName":"search_term_string"}}],"inLanguage":"fr-FR"},{"@type":"Organization","@id":"https:\/\/frenchtestsimulator.com\/beta\/#organization","name":"French Test Simulator","alternateName":"FTS","url":"https:\/\/frenchtestsimulator.com\/beta\/","logo":{"@type":"ImageObject","inLanguage":"fr-FR","@id":"https:\/\/frenchtestsimulator.com\/beta\/#\/schema\/logo\/image\/","url":"https:\/\/frenchtestsimulator.com\/beta\/wp-content\/uploads\/2024\/11\/Selected-Logo-2_custom_67414a646def7.png","contentUrl":"https:\/\/frenchtestsimulator.com\/beta\/wp-content\/uploads\/2024\/11\/Selected-Logo-2_custom_67414a646def7.png","width":250,"height":250,"caption":"French Test Simulator"},"image":{"@id":"https:\/\/frenchtestsimulator.com\/beta\/#\/schema\/logo\/image\/"},"sameAs":["https:\/\/www.facebook.com\/frenchtestsimulator","https:\/\/www.instagram.com\/frenchtestsimulator"],"description":"The French Test Simulator platform provides realistic simulations to help you effectively prepare for the ELS-ELO, TCF, and TEF oral exams. It offers detailed feedback, personalized coaching, and flexible preparation to help you achieve your best results.","email":"support@frenchtestsimulator.com","telephone":"+1 613-791-7378","legalName":"Technolanguages Services Inc.","foundingDate":"2024-12-01","numberOfEmployees":{"@type":"QuantitativeValue","minValue":"1","maxValue":"10"}}]}},"lang":"fr","translations":{"fr":7238},"pbg_featured_image_src":{"full":false,"thumbnail":false,"medium":false,"medium_large":false,"large":false,"1536x1536":false,"2048x2048":false,"woocommerce_thumbnail":false,"woocommerce_single":false,"woocommerce_gallery_thumbnail":false},"pbg_author_info":{"display_name":"Karam Admin","author_link":"https:\/\/frenchtestsimulator.com\/beta\/author\/boss\/","author_img":"<img alt='Karam Admin' src='https:\/\/secure.gravatar.com\/avatar\/aa6bb294f0292957fec76f34f007ace461e61f1a2c356288288006d499cd6727?s=128&#038;d=mm&#038;r=g' srcset='https:\/\/secure.gravatar.com\/avatar\/aa6bb294f0292957fec76f34f007ace461e61f1a2c356288288006d499cd6727?s=256&#038;d=mm&#038;r=g 2x' class='avatar avatar-128 photo' height='128' width='128' decoding='async'\/>"},"pbg_comment_info":" No Comments","pbg_excerpt":"D\u00e9couvrir la simulation \u00e9crite D\u00e9couvrez, \u00e0 travers cette vid\u00e9o, le fonctionnement de la simulation \u00e9crite et la logique d\u2019entra\u00eenement utilis\u00e9e [&hellip;]","uagb_featured_image_src":{"full":false,"thumbnail":false,"medium":false,"medium_large":false,"large":false,"1536x1536":false,"2048x2048":false,"woocommerce_thumbnail":false,"woocommerce_single":false,"woocommerce_gallery_thumbnail":false},"uagb_author_info":{"display_name":"Karam Admin","author_link":"https:\/\/frenchtestsimulator.com\/beta\/author\/boss\/"},"uagb_comment_info":0,"uagb_excerpt":"D\u00e9couvrir la simulation \u00e9crite D\u00e9couvrez, \u00e0 travers cette vid\u00e9o, le fonctionnement de la simulation \u00e9crite et la logique d\u2019entra\u00eenement utilis\u00e9e [&hellip;]","pll_sync_post":[],"_links":{"self":[{"href":"https:\/\/frenchtestsimulator.com\/beta\/wp-json\/wp\/v2\/pages\/7238","targetHints":{"allow":["GET"]}}],"collection":[{"href":"https:\/\/frenchtestsimulator.com\/beta\/wp-json\/wp\/v2\/pages"}],"about":[{"href":"https:\/\/frenchtestsimulator.com\/beta\/wp-json\/wp\/v2\/types\/page"}],"author":[{"embeddable":true,"href":"https:\/\/frenchtestsimulator.com\/beta\/wp-json\/wp\/v2\/users\/250"}],"replies":[{"embeddable":true,"href":"https:\/\/frenchtestsimulator.com\/beta\/wp-json\/wp\/v2\/comments?post=7238"}],"version-history":[{"count":37,"href":"https:\/\/frenchtestsimulator.com\/beta\/wp-json\/wp\/v2\/pages\/7238\/revisions"}],"predecessor-version":[{"id":10994,"href":"https:\/\/frenchtestsimulator.com\/beta\/wp-json\/wp\/v2\/pages\/7238\/revisions\/10994"}],"wp:attachment":[{"href":"https:\/\/frenchtestsimulator.com\/beta\/wp-json\/wp\/v2\/media?parent=7238"}],"curies":[{"name":"wp","href":"https:\/\/api.w.org\/{rel}","templated":true}]}}